{"id":85721,"date":"2024-11-25T19:42:05","date_gmt":"2024-11-25T17:42:05","guid":{"rendered":"https:\/\/www.mes-allocs.fr\/guides\/?p=85721"},"modified":"2026-01-22T10:50:26","modified_gmt":"2026-01-22T09:50:26","slug":"aide-etranger","status":"publish","type":"page","link":"https:\/\/www.mes-allocs.fr\/guides\/aide-etranger\/","title":{"rendered":"Les dispositifs d&rsquo;aide pour les \u00e9trangers en France"},"content":{"rendered":"<p><img loading=\"lazy\" decoding=\"async\" class=\"alignnone wp-image-85952 size-full\" title=\"aide etranger\" src=\"https:\/\/www.mes-allocs.fr\/guides\/wp-content\/uploads\/2024\/11\/aide-etranger-e1732556400979.jpg\" alt=\"aide etranger\" width=\"1280\" height=\"336\" \/><\/p>\n<p>La France met en place divers dispositifs d&rsquo;<a href=\"https:\/\/www.mes-allocs.fr\/guides\/aides-sociales\/\">aides sociales<\/a> dans le but de faciliter l&rsquo;int\u00e9gration des \u00e9trangers. Qu&rsquo;il s&rsquo;agisse de demandeurs d&rsquo;asile, de r\u00e9fugi\u00e9s ou de travailleurs immigr\u00e9s, chacun peut b\u00e9n\u00e9ficier d&rsquo;aides sp\u00e9cifiques. Mais quelles sont les <strong>aides pour les \u00e9trangers<\/strong> ? Dans cet article, on r\u00e9pond \u00e0 toutes vos questions et on vous aide \u00e0 y voir plus clair.<\/p>\n<div class='cta-block'><div class='text'>Simulez toutes vos aides en 2 min.<\/div><a href='https:\/\/www.mes-allocs.fr\/ab-app?origin=guides\/wp-json\/wp\/v2\/pages\/85721' class='app-button fit'>Simulation gratuite<\/a><\/div>\n<h1>Pourquoi aider les \u00e9trangers ?<\/h1>\n<p>Aider les \u00e9trangers, c&rsquo;est avant tout un acte d&rsquo;humanit\u00e9. En effet, nos valeurs de solidarit\u00e9 et d&#8217;empathie sont mises en avant quand on aide des personnes qui ont fui leur pays pour des raisons souvent dramatiques.<\/p>\n<p>En plus du caract\u00e8re humanitaire, aider les \u00e9trangers est d&rsquo;une importance soci\u00e9tale majeure. En effet, l&rsquo;int\u00e9gration r\u00e9ussie de ces personnes contribue \u00e0 l&rsquo;enrichissement de notre soci\u00e9t\u00e9 sur le plan culturel et sur le plan \u00e9conomique.<\/p>\n<p>De plus, nous devons lutter contre les discriminations et favoriser le vivre-ensemble. Tout cela dans le but de b\u00e2tir une soci\u00e9t\u00e9 plus juste et plus ouverte.<\/p>\n<p>Enfin, en aidant les \u00e9trangers \u00e0 s&rsquo;int\u00e9grer, nous leur offrons la possibilit\u00e9 de construire un avenir meilleur et de contribuer au d\u00e9veloppement de notre pays.<\/p>\n<h1>Quels \u00e9trangers peuvent b\u00e9n\u00e9ficier d&rsquo;aides ?<\/h1>\n<p><span style=\"font-weight: 400;\">Les dispositifs d&rsquo;aide en France sont con\u00e7us pour s&rsquo;adapter aux diff\u00e9rentes situations des \u00e9trangers qui r\u00e9sident sur le territoire. <\/span><\/p>\n<p><span style=\"font-weight: 400;\">Tous les \u00e9trangers peuvent b\u00e9n\u00e9ficier d&rsquo;au moins une aide. Ainsi, les personnes suivantes sont incluses :<\/span><\/p>\n<ul>\n<li><span style=\"font-weight: 400;\">Les demandeurs d&rsquo;asile<\/span><\/li>\n<li><span style=\"font-weight: 400;\">Les r\u00e9fugi\u00e9s<\/span><\/li>\n<li><span style=\"font-weight: 400;\">Les \u00e9trangers en situation r\u00e9guli\u00e8res (\u00e9tudiants, travailleurs)<\/span><\/li>\n<\/ul>\n<p><em>Exemple :\u00a0 Les demandeurs d&rsquo;asile ont droit \u00e0 un h\u00e9bergement d&rsquo;urgence et \u00e0 une allocation mensuelle. Alors que les r\u00e9fugi\u00e9s ont droit de b\u00e9n\u00e9ficier de plus d&rsquo;aides.<\/em><\/p>\n<h1>Quels types d&rsquo;aide existent pour les \u00e9trangers ?<\/h1>\n<p>De nombreuses aides existent pour les \u00e9trangers.<\/p>\n<h2>Les minima sociaux<\/h2>\n<p>Les minima sociaux peuvent \u00eatre vers\u00e9s \u00e0 certains \u00e9trangers. Nous vous pr\u00e9sentons les conditions.<\/p>\n<h3>Les minima sociaux pour les sans-papiers<\/h3>\n<p>Les sans-papiers n&rsquo;ont malheureusement droit \u00e0 aucune prestation.<\/p>\n<h3>Les minima sociaux pour les demandeurs d&rsquo;asile<\/h3>\n<p>Les demandeurs d\u2019asile peuvent b\u00e9n\u00e9ficier de l&rsquo;<a href=\"https:\/\/www.mes-allocs.fr\/guides\/aides-sociales\/aide-etranger\/allocation-demandeur-d-asile\/\">Allocation pour Demandeur d\u2019Asile<\/a> (ADA).<\/p>\n<h3>Les minima sociaux pour les \u00e9trangers en situation r\u00e9guli\u00e8re<\/h3>\n<p>Les \u00e9trangers en situation r\u00e9guli\u00e8re peuvent pr\u00e9tendre au Revenu de Solidarit\u00e9 Active (RSA) seulement s&rsquo;ils ont un titre de s\u00e9jour depuis au moins 5 ans.<\/p>\n<h3>Les minima sociaux pour les \u00e9trangers \u00e2g\u00e9s r\u00e9fugi\u00e9s<\/h3>\n<p>Les \u00e9trangers \u00e2g\u00e9s r\u00e9fugi\u00e9s peuvent avoir droit \u00e0 l\u2019Allocation de Solidarit\u00e9 aux Personnes \u00c2g\u00e9es.<\/p>\n<h2>La protection sant\u00e9<\/h2>\n<p>La protection sant\u00e9 peut \u00eatre vers\u00e9e \u00e0 certains \u00e9trangers. Nous vous pr\u00e9sentons les conditions.<\/p>\n<h3>La protection sant\u00e9 pour les sans-papiers<\/h3>\n<p>Les sans-papiers ont droit \u00e0 une prise en charge gratuite des principaux soins m\u00e9dicaux au titre de l\u2019Aide M\u00e9dicale d\u2019Etat (AME).<\/p>\n<h3>La protection sant\u00e9 pour les demandeurs d&rsquo;asile<\/h3>\n<p>Les demandeurs d&rsquo;asile peuvent b\u00e9n\u00e9ficier de la Protection Universelle Maladie (PUMA) afin de b\u00e9n\u00e9ficier gratuitement de la part rembours\u00e9e par la S\u00e9curit\u00e9 sociale.<\/p>\n<h3>La protection sant\u00e9 pour les \u00e9trangers en situation r\u00e9guli\u00e8re<\/h3>\n<p>Les \u00e9trangers en situation r\u00e9guli\u00e8re ont aussi droit \u00e0 la Protection Universelle Maladie (PUMA).<\/p>\n<h2>L&rsquo;h\u00e9bergement et le logement<\/h2>\n<p>L&rsquo;h\u00e9bergement et le logement peuvent \u00eatre octroy\u00e9s \u00e0 certains \u00e9trangers. Nous vous pr\u00e9sentons les conditions.<\/p>\n<h3>L&rsquo;h\u00e9bergement et le logement pour les sans-papiers<\/h3>\n<p>En France, l&rsquo;<a href=\"https:\/\/www.mes-allocs.fr\/guides\/aides-sociales\/aide-etranger\/hebergement-urgence-etranger\/\">h\u00e9bergement d\u2019urgence pour un \u00e9tranger<\/a> est possible m\u00eame pour un sans-papiers.<\/p>\n<h3>L&rsquo;h\u00e9bergement et le logement pour les demandeurs d&rsquo;asile<\/h3>\n<p>Les demandeurs d&rsquo;asile peuvent \u00eatre h\u00e9berg\u00e9s par diff\u00e9rentes structures comme les centres d\u2019accueil de demandeurs d\u2019asile (CADA) ou les h\u00e9bergements d\u2019urgence.<\/p>\n<h3>L&rsquo;h\u00e9bergement et le logement pour les \u00e9trangers en situation r\u00e9guli\u00e8re<\/h3>\n<p>Les \u00e9trangers en situation r\u00e9guli\u00e8re avaient avant le droit de b\u00e9n\u00e9ficier aux aides de logement (APL, ALF et ALS). Mais la loi immigration stipule que les aides au logement ne sont maintenant accessibles qu&rsquo;aux \u00e9trangers qui ont pass\u00e9 5 ans sur le territoire (ou travailler pendant 3 mois en France). Ils ont quand m\u00eame droit \u00e0 l&rsquo;h\u00e9bergement d&rsquo;urgence.<\/p>\n<p><iframe loading=\"lazy\" title=\"Tout Savoir sur les Aides au Logement !\" width=\"500\" height=\"281\" src=\"https:\/\/www.youtube.com\/embed\/0uY2aOVSWZA?feature=oembed\" frameborder=\"0\" allow=\"accelerometer; autoplay; clipboard-write; encrypted-media; gyroscope; picture-in-picture; web-share\" referrerpolicy=\"strict-origin-when-cross-origin\" allowfullscreen><\/iframe><\/p>\n<h3>L&rsquo;h\u00e9bergement et le logement pour les \u00e9tudiants \u00e9trangers<\/h3>\n<p>Les \u00e9tudiants \u00e9trangers ont droit aux aides au logement.<\/p>\n<h3>L&rsquo;h\u00e9bergement et le logement pour les r\u00e9fugi\u00e9s et les titulaires d&rsquo;une carte de r\u00e9sident<\/h3>\n<p>Les r\u00e9fugi\u00e9s et les titulaires d&rsquo;une carte de r\u00e9sident de dix ans ont aussi droit aux aides et au droit au logement.<\/p>\n<h2>Les prestations familiales<\/h2>\n<p>Les minima sociaux peuvent \u00eatre vers\u00e9s \u00e0 certains \u00e9trangers. Nous vous pr\u00e9sentons les conditions.<\/p>\n<h3>Les prestations familiales pour les sans-papiers<\/h3>\n<p>Les sans-papiers n&rsquo;ont malheureusement droit \u00e0 aucune prestation.<\/p>\n<h3>Les prestations familiales pour les demandeurs d&rsquo;asile<\/h3>\n<p>Les demandeurs d&rsquo;asile n&rsquo;ont malheureusement droit \u00e0 aucune prestation.<\/p>\n<h3>Les prestations familiales pour les \u00e9trangers en situation r\u00e9guli\u00e8re<\/h3>\n<p>Les \u00e9trangers en situation r\u00e9guli\u00e8re ont droit aux prestations sociales seulement apr\u00e8s 5 ans de pr\u00e9sence sur le territoire (ou 2 ans et demi de travail) mais ils ont droit \u00e0 l&rsquo;Allocation d&rsquo;Education de l&rsquo;Enfant Handicap\u00e9 (AEEH) et \u00e0 l&rsquo;allocation vers\u00e9e en cas de d\u00e9c\u00e8s d&rsquo;un enfant sans conditions.<\/p>\n<h3>Les prestations familiales pour les r\u00e9fugi\u00e9s<\/h3>\n<p>Les r\u00e9fugi\u00e9s ont droit aux prestations sociales.<\/p>\n<h2>Les transports<\/h2>\n<p>Les minima sociaux peuvent \u00eatre vers\u00e9s \u00e0 certains \u00e9trangers. Nous vous pr\u00e9sentons les conditions.<\/p>\n<ul>\n<li>Tous les \u00e9trangers peuvent avoir droit \u00e0 des r\u00e9ductions allant de 50 \u00e0 75 %<\/li>\n<\/ul>\n<h2>Les autres aides pour les \u00e9trangers<\/h2>\n<p><span style=\"font-weight: 400;\">Des aides administratives peuvent \u00eatre mises en place pour les \u00e9trangers afin de les aider dans la r\u00e9gularisation de leurs situations par exemple.\u00a0<\/span><\/p>\n<p><span style=\"font-weight: 400;\">De plus, ils peuvent \u00eatre aider pour leurs recherches d\u2019emploi.<\/span><\/p>\n<p><span style=\"font-weight: 400;\">Les \u00e9trangers peuvent aussi avoir droit \u00e0 une aide juridique gratuite pour d\u00e9fendre leurs droits.<\/span><\/p>\n<p><span style=\"font-weight: 400;\">Enfin, des aides psychologiques sont mis en place pour aider les personnes traumatis\u00e9es ou en situation de d\u00e9tresse.<\/span><\/p>\n<div class='cta-block'><div class='text'>Simulez toutes vos aides en 2 min.<\/div><a href='https:\/\/www.mes-allocs.fr\/ab-app?origin=guides\/wp-json\/wp\/v2\/pages\/85721' class='app-button fit'>Simulation gratuite<\/a><\/div>\n<h1>Comment acc\u00e9der aux aides en tant qu&rsquo;\u00e9tranger ?<\/h1>\n<h2>Les organismes d&rsquo;aide pour les \u00e9trangers<\/h2>\n<p>Pour acc\u00e9der aux diff\u00e9rentes aides destin\u00e9es aux \u00e9trangers en France, on peut faire appel \u00e0 des organismes comp\u00e9tents. Ces structures sont sp\u00e9cialis\u00e9es dans l&rsquo;accompagnement des personnes immigr\u00e9es. Elles offrent un soutien administratif, juridique et social \u00e0 ces personnes.<\/p>\n<p>Les organismes comp\u00e9tents sont les suivants :<\/p>\n<ul>\n<li>L&rsquo;Office fran\u00e7ais de l&rsquo;immigration et de l&rsquo;int\u00e9gration (OFII)<\/li>\n<li>Les centres communaux d&rsquo;action sociale (CCAS)<\/li>\n<li>Les missions locales<\/li>\n<li>Les associations sp\u00e9cialis\u00e9es dans l&rsquo;aide aux \u00e9trangers (comme France Terre d&rsquo;Asile)<\/li>\n<li>Les caisses d&rsquo;allocations familiales (CAF)<\/li>\n<\/ul>\n<p>Ces organismes proposent des services adapt\u00e9s aux besoins sp\u00e9cifiques de chacun. Ces besoins peuvent aller de l&rsquo;aide \u00e0 la constitution des dossiers \u00e0 l&rsquo;accompagnement dans les d\u00e9marches administratives.<\/p>\n<h2>Les d\u00e9marches \u00e0 effectuer pour percevoir les aides en tant qu&rsquo;\u00e9tranger<\/h2>\n<p>Pour acc\u00e9der \u00e0 ces aides, les d\u00e9marches peuvent varier en fonction de la nature de l&rsquo;aide sollicit\u00e9e et de la situation personnelle du b\u00e9n\u00e9ficiaire.<\/p>\n<p>Dans la plupart des cas, il faut constituer un dossier comprenant des pi\u00e8ces d&rsquo;identit\u00e9, des justificatifs de domicile, de ressources et de situation familiale.<\/p>\n<p>De plus, ce dossier est \u00e0 d\u00e9poser aupr\u00e8s des services sociaux de la mairie, de la CAF (Caisse d&rsquo;Allocations Familiales), de la MSA (Mutualit\u00e9 Sociale Agricole) ou aupr\u00e8s de l&rsquo;OFII.<\/p>\n<p>Nous vous conseillons de prendre rendez-vous aupr\u00e8s d&rsquo;un de ces organismes pour faciliter la constitution d&rsquo;un dossier complet.<\/p>\n<h2>Les num\u00e9ros utiles pour les \u00e9trangers<\/h2>\n<p>En France, plusieurs num\u00e9ros d&rsquo;appel sont mis \u00e0 disposition pour aider les \u00e9trangers \u00e0 avoir acc\u00e8s \u00e0 leurs droits.<\/p>\n<p>Le 39 49 est un num\u00e9ro national d&rsquo;acc\u00e8s aux droits qui permet d&rsquo;\u00eatre mis en relation avec un conseiller juridique.<\/p>\n<p>De plus, les centres communaux d&rsquo;action sociale (CCAS) et les maisons de l&#8217;emploi peuvent r\u00e9pondre et aider les personnes concern\u00e9es.<\/p>\n<h1>Les difficult\u00e9s rencontr\u00e9es par les \u00e9trangers pour acc\u00e9der \u00e0 leurs aides<\/h1>\n<p>Pour acc\u00e9der \u00e0 des aides, les \u00e9trangers doivent souvent faire face \u00e0 une ou plusieurs de ces difficult\u00e9s :<\/p>\n<ul>\n<li>La barri\u00e8re de la langue<\/li>\n<li>La m\u00e9connaissance des droits<\/li>\n<li>Les d\u00e9marches administratives complexes<\/li>\n<li>Les pr\u00e9jug\u00e9s et les discriminations<\/li>\n<\/ul>\n<h1>Les initiatives pour am\u00e9liorer l&rsquo;acc\u00e8s aux aides pour un \u00e9tranger<\/h1>\n<p>Heureusement, des initiatives ont \u00e9t\u00e9 mises en place pour aider les \u00e9trangers dans leurs d\u00e9marches.<\/p>\n<h2>Le r\u00f4le des associations<\/h2>\n<p>Les associations sont des structures qui peuvent \u00eatre sp\u00e9cialis\u00e9es dans l&rsquo;accompagnement des populations immigr\u00e9es. Ces associations offrent alors une multitude de services :<\/p>\n<ul>\n<li>Une aide administrative<\/li>\n<li>Une orientation juridique<\/li>\n<li>Un soutien social<\/li>\n<li>Des cours de langue<\/li>\n<li>Etc.<\/li>\n<\/ul>\n<p>Les associations peuvent identifier les difficult\u00e9s rencontr\u00e9es pour proposer des solutions adapt\u00e9es \u00e0 chacun.<\/p>\n<p>Ces associations m\u00e8nent des actions de sensibilisation et d\u00e9fendent les droits des \u00e9trangers.<\/p>\n<h2>Les politiques publiques<\/h2>\n<p>Les politiques publiques peuvent aussi jouer un r\u00f4le d&rsquo;aide.<\/p>\n<p>En effet, les politiques publiques facilitent la simplification des d\u00e9marches administratives. De plus, elles ont d\u00e9velopp\u00e9 des plateformes en ligne pour s&rsquo;informer plus facilement.<\/p>\n<p>Malheureusement, des d\u00e9fis persistent entre les diff\u00e9rents acteurs et les \u00e9volutions des flux migratoires.<\/p>\n<h2>Le b\u00e9n\u00e9volat<\/h2>\n<p>Les associations sont g\u00e9r\u00e9es par des b\u00e9n\u00e9voles. Sans eux, les \u00e9trangers seraient encore plus en difficult\u00e9.<\/p>\n<p>Bon \u00e0 savoir : dans certains cas, le <a href=\"https:\/\/www.mes-allocs.fr\/guides\/aides-sociales\/aide-etranger\/regroupement-familial\/\">regroupement familial<\/a> est possible. Renseignez-vous !<\/p>\n<div class='cta-block'><div class='text'>Simulez toutes vos aides en 2 min.<\/div><a href='https:\/\/www.mes-allocs.fr\/ab-app?origin=guides\/wp-json\/wp\/v2\/pages\/85721' class='app-button fit'>Simulation gratuite<\/a><\/div>\n","protected":false},"excerpt":{"rendered":"<p>La France met en place divers dispositifs d&rsquo;aides sociales dans le but de faciliter l&rsquo;int\u00e9gration des \u00e9trangers. Qu&rsquo;il s&rsquo;agisse de demandeurs d&rsquo;asile, de r\u00e9fugi\u00e9s ou de travailleurs immigr\u00e9s, chacun peut b\u00e9n\u00e9ficier d&rsquo;aides sp\u00e9cifiques. Mais quelles sont les aides pour les \u00e9trangers ? Dans cet article, on r\u00e9pond \u00e0 toutes vos questions et on vous aide [&hellip;]<\/p>\n","protected":false},"author":29,"featured_media":105583,"parent":0,"menu_order":0,"comment_status":"closed","ping_status":"closed","template":"","meta":{"amp_status":"","footnotes":""},"class_list":["post-85721","page","type-page","status-publish","has-post-thumbnail","hentry"],"yoast_head":"<!-- This site is optimized with the Yoast SEO plugin v14.9 - https:\/\/yoast.com\/wordpress\/plugins\/seo\/ -->\n<title>Quelles sont les aides pour les \u00e9trangers en France ?<\/title>\n<meta name=\"description\" content=\"Lorsqu&#039;un \u00e9tranger arrive en France, il peut b\u00e9n\u00e9ficier de certaines aides. Mais de quelles aides parle-t-on ? On vous r\u00e9pond !\" \/>\n<meta name=\"robots\" content=\"index, follow, max-snippet:-1, max-image-preview:large, max-video-preview:-1\" \/>\n<link rel=\"canonical\" href=\"https:\/\/www.mes-allocs.fr\/guides\/aide-etranger\/\" \/>\n<meta property=\"og:locale\" content=\"fr_FR\" \/>\n<meta property=\"og:type\" content=\"article\" \/>\n<meta property=\"og:title\" content=\"Quelles sont les aides pour les \u00e9trangers en France ?\" \/>\n<meta property=\"og:description\" content=\"Lorsqu&#039;un \u00e9tranger arrive en France, il peut b\u00e9n\u00e9ficier de certaines aides. Mais de quelles aides parle-t-on ? On vous r\u00e9pond !\" \/>\n<meta property=\"og:url\" content=\"https:\/\/www.mes-allocs.fr\/guides\/aide-etranger\/\" \/>\n<meta property=\"og:site_name\" content=\"Mes-Allocs.fr\" \/>\n<meta property=\"article:modified_time\" content=\"2026-01-22T09:50:26+00:00\" \/>\n<meta property=\"og:image\" content=\"https:\/\/www.mes-allocs.fr\/guides\/wp-content\/uploads\/2025\/11\/aide-etranger.jpg?wsr\" \/>\n\t<meta property=\"og:image:width\" content=\"1024\" \/>\n\t<meta property=\"og:image:height\" content=\"683\" \/>\n<meta name=\"twitter:card\" content=\"summary_large_image\" \/>\n<script type=\"application\/ld+json\" class=\"yoast-schema-graph\">{\"@context\":\"https:\/\/schema.org\",\"@graph\":[{\"@type\":\"WebSite\",\"@id\":\"https:\/\/www.mes-allocs.fr\/guides\/#website\",\"url\":\"https:\/\/www.mes-allocs.fr\/guides\/\",\"name\":\"Mes-Allocs.fr\",\"description\":\"\",\"potentialAction\":[{\"@type\":\"SearchAction\",\"target\":\"https:\/\/www.mes-allocs.fr\/guides\/?s={search_term_string}\",\"query-input\":\"required name=search_term_string\"}],\"inLanguage\":\"fr-FR\"},{\"@type\":\"ImageObject\",\"@id\":\"https:\/\/www.mes-allocs.fr\/guides\/aide-etranger\/#primaryimage\",\"inLanguage\":\"fr-FR\",\"url\":\"https:\/\/www.mes-allocs.fr\/guides\/wp-content\/uploads\/2025\/11\/aide-etranger.jpg?wsr\",\"width\":1024,\"height\":683,\"caption\":\"aide etranger\"},{\"@type\":\"WebPage\",\"@id\":\"https:\/\/www.mes-allocs.fr\/guides\/aide-etranger\/#webpage\",\"url\":\"https:\/\/www.mes-allocs.fr\/guides\/aide-etranger\/\",\"name\":\"Quelles sont les aides pour les \\u00e9trangers en France ?\",\"isPartOf\":{\"@id\":\"https:\/\/www.mes-allocs.fr\/guides\/#website\"},\"primaryImageOfPage\":{\"@id\":\"https:\/\/www.mes-allocs.fr\/guides\/aide-etranger\/#primaryimage\"},\"datePublished\":\"2024-11-25T17:42:05+00:00\",\"dateModified\":\"2026-01-22T09:50:26+00:00\",\"description\":\"Lorsqu'un \\u00e9tranger arrive en France, il peut b\\u00e9n\\u00e9ficier de certaines aides. Mais de quelles aides parle-t-on ? On vous r\\u00e9pond !\",\"inLanguage\":\"fr-FR\"}]}<\/script>\n<!-- \/ Yoast SEO plugin. -->","amp_validity":null,"acf":{"faq":{"1":{"question":"Quelles aides ont les \u00e9trangers ?","answer":"Les \u00e9trangers arrivant sur le territoire fran\u00e7ais peuvent avoir droit \u00e0 l'Aide M\u00e9dicale d'\u00c9tat, \u00e0 l'h\u00e9bergement d'urgence, \u00e0 l'aide au regroupement familial, \u00e0 l'Allocation de Demandeur d'Asile, au RSA, aux allocations familiales, \u00e0 la Protection universelle maladie, \u00e0 la Compl\u00e9mentaire Sant\u00e9 Solidaire\u2026"},"2":{"question":"Quelle aide pour partir \u00e0 l'\u00e9tranger ?","answer":"Une des aides principale est Erasmus."},"3":{"question":"Est-ce que les \u00e9trangers ont droit \u00e0 la CAF ?","answer":"Les \u00e9trangers ont droit \u00e0 des prestations familiales quelle que soit leurs nationalit\u00e9s s'ils r\u00e9sident en France."},"4":{"question":"Qui a droit au RSA pour les \u00e9trangers ?","answer":"Un \u00e9tranger ayant un titre de s\u00e9jour depuis au moins 5 ans peut avoir droit au RSA."},"5":{"question":"","answer":""},"6":{"question":"","answer":""},"7":{"question":"","answer":""},"8":{"question":"","answer":""},"9":{"question":"","answer":""},"10":{"question":"","answer":""},"11":{"question":"","answer":""},"12":{"question":"","answer":""},"13":{"question":"","answer":""},"14":{"question":"","answer":""},"15":{"question":"","answer":""},"16":{"question":"","answer":""}}},"_links":{"self":[{"href":"https:\/\/www.mes-allocs.fr\/guides\/wp-json\/wp\/v2\/pages\/85721","targetHints":{"allow":["GET"]}}],"collection":[{"href":"https:\/\/www.mes-allocs.fr\/guides\/wp-json\/wp\/v2\/pages"}],"about":[{"href":"https:\/\/www.mes-allocs.fr\/guides\/wp-json\/wp\/v2\/types\/page"}],"author":[{"embeddable":true,"href":"https:\/\/www.mes-allocs.fr\/guides\/wp-json\/wp\/v2\/users\/29"}],"replies":[{"embeddable":true,"href":"https:\/\/www.mes-allocs.fr\/guides\/wp-json\/wp\/v2\/comments?post=85721"}],"version-history":[{"count":14,"href":"https:\/\/www.mes-allocs.fr\/guides\/wp-json\/wp\/v2\/pages\/85721\/revisions"}],"predecessor-version":[{"id":94473,"href":"https:\/\/www.mes-allocs.fr\/guides\/wp-json\/wp\/v2\/pages\/85721\/revisions\/94473"}],"wp:featuredmedia":[{"embeddable":true,"href":"https:\/\/www.mes-allocs.fr\/guides\/wp-json\/wp\/v2\/media\/105583"}],"wp:attachment":[{"href":"https:\/\/www.mes-allocs.fr\/guides\/wp-json\/wp\/v2\/media?parent=85721"}],"curies":[{"name":"wp","href":"https:\/\/api.w.org\/{rel}","templated":true}]}}