{"id":631,"date":"2019-07-18T09:14:05","date_gmt":"2019-07-18T09:14:05","guid":{"rendered":"https:\/\/www.mes-allocs.fr\/guides\/?page_id=631"},"modified":"2026-04-27T15:21:12","modified_gmt":"2026-04-27T14:21:12","slug":"chomage","status":"publish","type":"page","link":"https:\/\/www.mes-allocs.fr\/guides\/chomage\/","title":{"rendered":"Ch\u00f4mage 2026 : conditions, montant, d\u00e9marches"},"content":{"rendered":"<p style=\"text-align: justify;\"><span style=\"font-size: 12pt;\">Le <strong>ch\u00f4mage<\/strong> est une composante ind\u00e9niable de la soci\u00e9t\u00e9 fran\u00e7aise. Cependant, derri\u00e8re ce grand \u00ab marronnier \u00bb, on a parfois du mal \u00e0 saisir le ph\u00e9nom\u00e8ne. Mes Allocs vous explique tout sur le ch\u00f4mage en France en 2026, et notamment les conditions pour en b\u00e9n\u00e9ficier, le montant des allocations, et les d\u00e9marches \u00e0 effectuer.<\/span><\/p>\n<div class='cta-block'><div class='text'>Simulez votre ch\u00f4mage en 2 min.<\/div><a href='https:\/\/www.mes-allocs.fr\/simulation-chomage?origin=guides\/wp-json\/wp\/v2\/pages\/631' class='app-button fit'>Simulation gratuite<\/a><\/div>\n<h1>Qu\u2019est-ce que le ch\u00f4mage et quelles sont ses caract\u00e9ristiques ?<\/h1>\n<h2>Comment se d\u00e9finit le ch\u00f4mage ?<\/h2>\n<p>Le ch\u00f4mage d\u00e9signe la situation d\u2019une personne en \u00e2ge de travailler (15 ans ou plus) qui est sans emploi, disponible pour en occuper un et qui recherche activement un emploi. Les crit\u00e8res sont les suivants :<\/p>\n<ul>\n<li aria-level=\"1\">Ne pas avoir travaill\u00e9 au moins une heure durant une semaine de r\u00e9f\u00e9rence.<\/li>\n<li aria-level=\"1\">\u00catre disponible pour travailler dans les 15 jours.<\/li>\n<li aria-level=\"1\">Avoir cherch\u00e9 activement un emploi dans le mois pr\u00e9c\u00e9dent ou en avoir trouv\u00e9 un qui commence dans moins de 3 mois.<\/li>\n<\/ul>\n<h2>Quels sont les diff\u00e9rents types de ch\u00f4mage ?<\/h2>\n<p>Le ch\u00f4mage peut \u00eatre class\u00e9 en plusieurs cat\u00e9gories selon ses causes et ses caract\u00e9ristiques :<\/p>\n<ul>\n<li aria-level=\"1\"><b>Le ch\u00f4mage conjoncturel <\/b>: il est le r\u00e9sultat des fluctuations \u00e9conomiques \u00e0 court terme, par exemple, des licenciements de masse lors d\u2019une crise \u00e9conomique.<\/li>\n<li aria-level=\"1\"><b>Le ch\u00f4mage structurel<\/b> : il est le r\u00e9sultat d\u2019une inad\u00e9quation entre les comp\u00e9tences des travailleurs et les besoins du march\u00e9 du travail.<\/li>\n<li aria-level=\"1\"><b>Le ch\u00f4mage frictionnel<\/b> : il correspond au d\u00e9lai n\u00e9cessaire pour qu\u2019une personne trouve un emploi apr\u00e8s avoir quitt\u00e9 son poste ou termin\u00e9 ses \u00e9tudes.<\/li>\n<li aria-level=\"1\"><b>Le ch\u00f4mage saisonnier<\/b> : il est caus\u00e9 par les variations saisonni\u00e8res dans certaines industries, comme le tourisme ou l\u2019agriculture.<\/li>\n<li aria-level=\"1\"><b>Le ch\u00f4mage technologique<\/b> : il survient quand des avanc\u00e9es technologiques remplacent certains emplois humains.<\/li>\n<li aria-level=\"1\"><b>Le ch\u00f4mage technique<\/b> : il est provoqu\u00e9 par des arr\u00eats temporaires d\u2019activit\u00e9 dans une entreprise, dus \u00e0 des raisons ext\u00e9rieures comme des probl\u00e8mes d\u2019approvisionnement.<\/li>\n<li aria-level=\"1\"><b>Le ch\u00f4mage partiel<\/b> : il permet \u00e0 une entreprise de r\u00e9duire temporairement les horaires de travail.<\/li>\n<\/ul>\n<p><iframe loading=\"lazy\" src=\"\/\/www.youtube.com\/embed\/jgv9qS4jh7k\" width=\"853\" height=\"480\" frameborder=\"0\" allowfullscreen=\"allowfullscreen\"><\/iframe><\/p>\n<h1>Quelles sont les nouvelles r\u00e8gles mises en place pour le ch\u00f4mage en 2026 ?<\/h1>\n<h2>Quels changements dans l\u2019indemnisation des allocations ch\u00f4mage ?<\/h2>\n<p>\u00c0 partir du 1er avril 2025, les allocations ch\u00f4mage sont calcul\u00e9es sur une <b>base de 30 jours <\/b>calendaires par mois, quel que soit le nombre de jours dans le mois. De plus, l\u2019\u00e2ge qui ouvre droit \u00e0 des dur\u00e9es d\u2019indemnisation prolong\u00e9es passe de 53 \u00e0 <b>55 ans<\/b>. Les demandeurs de 55 ou 56 peuvent \u00eatre indemnis\u00e9s<b> jusqu\u2019\u00e0 685 jours e<\/b>t ceux de 57 ans ou plus <b>jusqu\u2019\u00e0 822 jours. <\/b>En plus de cela, la d\u00e9gressivit\u00e9 des allocations (r\u00e9duction apr\u00e8s 6 mois pour les montants \u00e9lev\u00e9s) ne s\u2019applique plus aux demandeurs qui sont \u00e2g\u00e9s de <b>55 ans ou plus<\/b>.<\/p>\n<p>Enfin, les demandeurs d\u2019emploi qui cr\u00e9ent ou reprennent une entreprise ne peuvent percevoir un total (allocations + revenus) d\u00e9passant <b>60 %<\/b> des droits au ch\u00f4mage restants.<\/p>\n<h2>Quelles \u00e9volutions pour les travailleurs saisonniers et les seniors au ch\u00f4mage ?<\/h2>\n<p>D\u00e8s le 1er mai 2025, les travailleurs saisonniers hors ch\u00f4mage doivent justifier d\u2019une dur\u00e9e d\u2019affiliation de <b>5 mois<\/b> (108 jours ou 758 h travaill\u00e9es) pour b\u00e9n\u00e9ficier des allocations ch\u00f4mage. Pour les seniors, les seuils d\u2019\u00e2ge pour acc\u00e9der \u00e0 des dur\u00e9es maximales d\u2019indemnisation plus longues augmentent.<\/p>\n<h2>Le cas particulier des b\u00e9n\u00e9ficiaires du RSA : 15h d\u2019activit\u00e9s hebdomadaires<\/h2>\n<p>Depuis le d\u00e9but de l\u2019ann\u00e9e 2025, tous les b\u00e9n\u00e9ficiaires du RSA sont inscrits \u00e0 France Travail et doivent participer \u00e0 un parcours intensif d\u2019accompagnement professionnel. Ce parcours inclut un engagement \u00e0 effectuer <b>15 h d&rsquo;activit\u00e9s hebdomadaires<\/b>, telles que des formations et des missions professionnelles.<\/p>\n<h1>Qui peut b\u00e9n\u00e9ficier du ch\u00f4mage en 2026 ?<\/h1>\n<p>Vous pouvez b\u00e9n\u00e9ficier du ch\u00f4mage si vous remplissez les conditions suivantes :<\/p>\n<ul>\n<li>Vous avez travaill\u00e9 <b>au moins 6 mois <\/b>(130 jours ou 910 heures) au cours des 24 derniers mois (ou 36 mois pour les seniors de 55 ans et plus).<\/li>\n<li>Si vous \u00eates un travailleur saisonnier, vous devez justifier d\u2019<b>au moins 5 mois<\/b> de travail au cours des 24 derniers mois.<\/li>\n<li>Vous avez \u00e9t\u00e9<b> licenci\u00e9<\/b>, <b>en fin de CDD<\/b> ou <b>d&rsquo;int\u00e9rim<\/b> ou avez conclu une <b>rupture conventionnelle.\u00a0<\/b><\/li>\n<li>Vous \u00eates <b>inscrit comme <\/b><b>demandeur d\u2019emploi aupr\u00e8s de France Travail<\/b> et vous <b>recherchez activement un emploi <\/b>ou <b>suivez une formation<\/b>.<\/li>\n<li>Vous r\u00e9sidez en<b> France m\u00e9tropolitaine <\/b>ou dans les DOM (hors Mayotte).<\/li>\n<li>Vous \u00eates <b>physiquement apte<\/b> \u00e0 travailler.<\/li>\n<li>Vous n\u2019avez p<b>as atteint l\u2019\u00e2ge l\u00e9gal de d\u00e9part \u00e0 la retraite<\/b> ni b\u00e9n\u00e9fici\u00e9 d\u2019une retraite anticip\u00e9e.<\/li>\n<\/ul>\n<p>Votre contrat se termine contre votre gr\u00e9 ? Consultez notre <a href=\"https:\/\/www.mes-allocs.fr\/guides\/chomage\/licenciement-chomage\/\">guide sur le ch\u00f4mage apr\u00e8s un licenciement<\/a>.<\/p>\n<p class=\"p1\"><div class='cta-block'><div class='text'>Simulez votre ch\u00f4mage en 2 min.<\/div><a href='https:\/\/www.mes-allocs.fr\/simulation-chomage?origin=guides\/wp-json\/wp\/v2\/pages\/631' class='app-button fit'>Simulation gratuite<\/a><\/div><\/p>\n<h1>Quel est le montant des allocations ch\u00f4mage en 2026 ?<\/h1>\n<h2>Comment est calcul\u00e9 le montant des allocations ch\u00f4mage ?<\/h2>\n<p>Le montant des allocations ch\u00f4mage est calcul\u00e9 en fonction du <b>Salaire Journalier de R\u00e9f\u00e9rence (SJR)<\/b>. Le SJR est obtenu en divisant le total des salaires per\u00e7us par le nombre de jours calendaires entre le d\u00e9but du premier contrat et la fin du dernier contrat. Les p\u00e9riodes non travaill\u00e9es sont <b>plafonn\u00e9es \u00e0 70 %<\/b>. Ainsi, deux formules sont appliqu\u00e9es pour le calcul de l\u2019allocation journali\u00e8re et le montant le plus \u00e9lev\u00e9 est retenu :<\/p>\n<ul>\n<li><b>40,4 % x SJR + 13,18 \u20ac<\/b><\/li>\n<li><strong>57 % x SJR<\/strong><\/li>\n<\/ul>\n<p>L\u2019allocation journali\u00e8re brute est encadr\u00e9e par un minimum de<b> 32,13 \u20ac <\/b>et un maximum de <b>294,21 \u20ac <\/b>brut par jour.<\/p>\n<h2>O\u00f9 faire une simulation de ch\u00f4mage ?<\/h2>\n<p>Pour faire une simulation du montant de votre allocation ch\u00f4mage, vous pouvez utiliser un <b>simulateur en ligne de Mes Allocs<\/b>. Il vous permettra, en quelques clics, de v\u00e9rifier votre \u00e9ligibilit\u00e9 et d\u2019estimer le montant que vous pourriez recevoir.<\/p>\n<h1>Comment faire une demande de ch\u00f4mage aupr\u00e8s de France Travail ?<\/h1>\n<h2>Comment s&rsquo;inscrire \u00e0 France Travail ?<\/h2>\n<h3>Inscription sur le site France Travail<\/h3>\n<p>Pour vous inscrire sur le site de France Travail, vous devez suivre ces \u00e9tapes :<\/p>\n<ul>\n<li>Rendez-vous sur le site de <b>France Travail <\/b>et cliquez sur <b>\u201cM\u2019inscrire, me r\u00e9inscrire\u201d<\/b>.<\/li>\n<li>Cr\u00e9ez votre<b> espace personnel <\/b>en renseignant vos informations personnelles.<\/li>\n<li>Compl\u00e9tez le<b> formulaire<\/b> avec les informations n\u00e9cessaires.<\/li>\n<li>Choisissez la date et l\u2019heure de votre <b>entretien obligatoire<\/b> avec un conseiller.<\/li>\n<\/ul>\n<h3>Inscription sur place<\/h3>\n<p>Pour vous inscrire en tant que demandeur d\u2019emploi aupr\u00e8s de France Travail, les \u00e9tapes sont les suivantes :<\/p>\n<ul>\n<li>Rendez-vous dans une<b> agence France Travail <\/b>proche de chez vous.<\/li>\n<li>Utilisez les <b>ordinateurs en libre<\/b> acc\u00e8s pour effectuer votre<b> inscription en ligne<\/b>.<\/li>\n<li>Fournissez les <b>documents <\/b>n\u00e9cessaires.<\/li>\n<li>Planifiez un <b>rendez-vous avec un conseiller<\/b> pour valider votre inscription.<\/li>\n<\/ul>\n<h2>Comment effectuer une r\u00e9inscription \u00e0 France Travail ?<\/h2>\n<p>Si vous aviez d\u00e9j\u00e0 \u00e9t\u00e9 inscrit aupr\u00e8s de France Travail et que vous souhaitez vous r\u00e9inscrire, les \u00e9tapes sont les suivantes :<\/p>\n<ul>\n<li>Connectez-vous \u00e0 votre <b>espace personnel<\/b> sur le site de France Travail avec vos pr\u00e9c\u00e9dents identifiants.<\/li>\n<li>Acc\u00e9dez \u00e0 la section <b>\u201cM\u2019inscrire \/ me r\u00e9inscrire\u201d<\/b>.<\/li>\n<li>V\u00e9rifiez et <b>mettez \u00e0 jour <\/b>vos informations personnelles, professionnelles et bancaires.<\/li>\n<li>Remplissez le <b>formulaire de r\u00e9inscription<\/b> en pr\u00e9cisant votre situation actuelle.<\/li>\n<li>Si votre derni\u00e8re inscription date de moins de <b>6 mois<\/b>, la <b>validation est automatique <\/b>et ne n\u00e9cessite pas d\u2019entretien.<\/li>\n<\/ul>\n<h1>Droits au ch\u00f4mage : ce que vous devez savoir sur l&rsquo;actualisation aupr\u00e8s de France Travail<\/h1>\n<p>Pour continuer \u00e0 percevoir vos allocations ch\u00f4mage, il est important de vous <b>actualiser <\/b>chaque mois aupr\u00e8s de France Travail. L\u2019actualisation d\u00e9clenche le paiement des allocations, qui est g\u00e9n\u00e9ralement fait dans un d\u00e9lai de <b>3 \u00e0 5 jours <\/b>ouvr\u00e9s apr\u00e8s validation. Vous pouvez vous actualiser <b>en ligne<\/b>, <b>par t\u00e9l\u00e9phone<\/b> ou directement en <b>agence<\/b>. En cas d\u2019activit\u00e9 ou de reprise d\u2019emploi, il est obligatoire de fournir les justificatifs n\u00e9cessaires, comme vos bulletins de salaire.<\/p>\n<p class=\"p1\"><div class='cta-block'><div class='text'>Simulez votre ch\u00f4mage en 2 min.<\/div><a href='https:\/\/www.mes-allocs.fr\/simulation-chomage?origin=guides\/wp-json\/wp\/v2\/pages\/631' class='app-button fit'>Simulation gratuite<\/a><\/div><\/p>\n","protected":false},"excerpt":{"rendered":"<p>Le ch\u00f4mage est une composante ind\u00e9niable de la soci\u00e9t\u00e9 fran\u00e7aise. Cependant, derri\u00e8re ce grand \u00ab marronnier \u00bb, on a parfois du mal \u00e0 saisir le ph\u00e9nom\u00e8ne. Mes Allocs vous explique tout sur le ch\u00f4mage en France en 2026, et notamment les conditions pour en b\u00e9n\u00e9ficier, le montant des allocations, et les d\u00e9marches \u00e0 effectuer. Qu\u2019est-ce [&hellip;]<\/p>\n","protected":false},"author":29,"featured_media":632,"parent":0,"menu_order":0,"comment_status":"open","ping_status":"closed","template":"","meta":{"amp_status":"","footnotes":""},"class_list":["post-631","page","type-page","status-publish","has-post-thumbnail","hentry"],"yoast_head":"<!-- This site is optimized with the Yoast SEO plugin v14.9 - https:\/\/yoast.com\/wordpress\/plugins\/seo\/ -->\n<title>Ch\u00f4mage 2026 : conditions, montants, simulation | Mes-Allocs.fr<\/title>\n<meta name=\"description\" content=\"Tout savoir sur le Ch\u00f4mage en France. Comprendre les montants et les conditions d&#039;attribution avec Mes-Allocs.fr.\" \/>\n<meta name=\"robots\" content=\"index, follow, max-snippet:-1, max-image-preview:large, max-video-preview:-1\" \/>\n<link rel=\"canonical\" href=\"https:\/\/www.mes-allocs.fr\/guides\/chomage\/\" \/>\n<meta property=\"og:locale\" content=\"fr_FR\" \/>\n<meta property=\"og:type\" content=\"article\" \/>\n<meta property=\"og:title\" content=\"Ch\u00f4mage 2026 : conditions, montants, simulation | Mes-Allocs.fr\" \/>\n<meta property=\"og:description\" content=\"Tout savoir sur le Ch\u00f4mage en France. Comprendre les montants et les conditions d&#039;attribution avec Mes-Allocs.fr.\" \/>\n<meta property=\"og:url\" content=\"https:\/\/www.mes-allocs.fr\/guides\/chomage\/\" \/>\n<meta property=\"og:site_name\" content=\"Mes-Allocs.fr\" \/>\n<meta property=\"article:modified_time\" content=\"2026-04-27T14:21:12+00:00\" \/>\n<meta property=\"og:image\" content=\"https:\/\/www.mes-allocs.fr\/guides\/wp-content\/uploads\/2019\/07\/AdobeStock_13740140-1-e1677834103651.jpg?wsr\" \/>\n\t<meta property=\"og:image:width\" content=\"1520\" \/>\n\t<meta property=\"og:image:height\" content=\"243\" \/>\n<meta name=\"twitter:card\" content=\"summary_large_image\" \/>\n<script type=\"application\/ld+json\" class=\"yoast-schema-graph\">{\"@context\":\"https:\/\/schema.org\",\"@graph\":[{\"@type\":\"WebSite\",\"@id\":\"https:\/\/www.mes-allocs.fr\/guides\/#website\",\"url\":\"https:\/\/www.mes-allocs.fr\/guides\/\",\"name\":\"Mes-Allocs.fr\",\"description\":\"\",\"potentialAction\":[{\"@type\":\"SearchAction\",\"target\":\"https:\/\/www.mes-allocs.fr\/guides\/?s={search_term_string}\",\"query-input\":\"required name=search_term_string\"}],\"inLanguage\":\"fr-FR\"},{\"@type\":\"ImageObject\",\"@id\":\"https:\/\/www.mes-allocs.fr\/guides\/chomage\/#primaryimage\",\"inLanguage\":\"fr-FR\",\"url\":\"https:\/\/www.mes-allocs.fr\/guides\/wp-content\/uploads\/2019\/07\/AdobeStock_13740140-1-e1677834103651.jpg?wsr\",\"width\":1520,\"height\":243,\"caption\":\"AdobeStock 13740140 1 e1563553999329\"},{\"@type\":\"WebPage\",\"@id\":\"https:\/\/www.mes-allocs.fr\/guides\/chomage\/#webpage\",\"url\":\"https:\/\/www.mes-allocs.fr\/guides\/chomage\/\",\"name\":\"Ch\\u00f4mage 2026 : conditions, montants, simulation | Mes-Allocs.fr\",\"isPartOf\":{\"@id\":\"https:\/\/www.mes-allocs.fr\/guides\/#website\"},\"primaryImageOfPage\":{\"@id\":\"https:\/\/www.mes-allocs.fr\/guides\/chomage\/#primaryimage\"},\"datePublished\":\"2019-07-18T09:14:05+00:00\",\"dateModified\":\"2026-04-27T14:21:12+00:00\",\"description\":\"Tout savoir sur le Ch\\u00f4mage en France. Comprendre les montants et les conditions d'attribution avec Mes-Allocs.fr.\",\"inLanguage\":\"fr-FR\"}]}<\/script>\n<!-- \/ Yoast SEO plugin. -->","amp_validity":null,"acf":{"faq":{"1":{"question":"Qu'est ce que le Ch\u00f4mage en France ? ","answer":"Le ch\u00f4mage peut \u00eatre d\u00e9fini comme l'\u00e9tat d'une personne souhaitant travailler et qui est \u00e0 la recherche d'un emploi. Cette d\u00e9finition du ch\u00f4mage conna\u00eet de nombreuses variantes et son concept donne toujours lieu \u00e0 des controverses th\u00e9oriques et statistiques."},"2":{"question":"Quelles sont les conditions li\u00e9es au Ch\u00f4mage en France ? ","answer":"Vous devez justifier d\u2019une p\u00e9riode minimale de travail de 182 jours \u2013 dite dur\u00e9e d\u2019affiliation \u2013 (soit 6 mois d'indemnisation environ)."},"3":{"question":"Comment demander le Ch\u00f4mage en France ?","answer":"Vous devez monter un dossier \u00e0 destination de la Caisse d\u2019Allocations Familiales. Vous pouvez aussi demander \u00e0 Mes Allocs de faire <a href=\"https:\/\/www.mes-allocs.fr\/signature\">toutes les d\u00e9marches administratives<\/a> \u00e0 votre place."},"4":{"question":"Comment faire une simulation Ch\u00f4mage en France ?","answer":"Le plus simple pour savoir si vous \u00eates \u00e9ligible au Ch\u00f4mage en fonction de vos revenus et de votre situation, est de faire <a href=\"https:\/\/www.mes-allocs.fr\/simulation-aides\">la simulation gratuite<\/a> de Mes Allocs."},"5":{"question":"Qui a le droit au ch\u00f4mage ?","answer":"L'Assurance ch\u00f4mage prot\u00e8ge les travailleurs salari\u00e9s contre la perte d'un revenu en cas de ch\u00f4mage. Elle leur permet de b\u00e9n\u00e9ficier d'une allocation et de continuer \u00e0 cumuler des points pour la retraite m\u00eame s'ils ont perdu leur emploi."},"6":{"question":"Quelle est la dur\u00e9e du ch\u00f4mage ?","answer":"La\u00a0dur\u00e9e d\u2019indemnisation affect\u00e9e du coefficient de 0,75 ne peut pas d\u00e9passer :\r\n- 18 mois, soit 548 jours calendaires, pour tous ceux qui ont moins de 53 ans\r\n- 22,5 mois, soit 685 jours calendaires, pour ceux qui ont 53 ou 54 ans\r\n- 27 mois, soit 822 jours calendaires, pour les 55 ans ou plus."},"7":{"question":"Comment faire pour toucher le ch\u00f4mage apr\u00e8s une d\u00e9mission ?","answer":"La d\u00e9mission l\u00e9gitime n'est pas l'unique cas qui ouvre droit au ch\u00f4mage apr\u00e8s une d\u00e9mission. Lorsque vous effectuez une reconversion professionnelle ou que vous cr\u00e9ez ou reprenez une entreprise, vous pouvez \u00e9galement b\u00e9n\u00e9ficier des allocations ch\u00f4mage."},"8":{"question":"Comment calculer les indemnit\u00e9s de ch\u00f4mage ?","answer":"Le montant de l'allocation d'aide au retour \u00e0 l'emploi (ARE) est calcul\u00e9 \u00e0 partir de votre salaire journalier de r\u00e9f\u00e9rence (SJR). Ce salaire de r\u00e9f\u00e9rence prend en compte tous vos salaires bruts per\u00e7us au cours des 12 derniers mois, primes comprises, mais hors indemnit\u00e9s li\u00e9es \u00e0 la rupture de votre contrat."},"9":{"question":"","answer":""},"10":{"question":"","answer":""},"11":{"question":"","answer":""},"12":{"question":"","answer":""},"13":{"question":"","answer":""},"14":{"question":"","answer":""},"15":{"question":"","answer":""},"16":{"question":"","answer":""}}},"_links":{"self":[{"href":"https:\/\/www.mes-allocs.fr\/guides\/wp-json\/wp\/v2\/pages\/631","targetHints":{"allow":["GET"]}}],"collection":[{"href":"https:\/\/www.mes-allocs.fr\/guides\/wp-json\/wp\/v2\/pages"}],"about":[{"href":"https:\/\/www.mes-allocs.fr\/guides\/wp-json\/wp\/v2\/types\/page"}],"author":[{"embeddable":true,"href":"https:\/\/www.mes-allocs.fr\/guides\/wp-json\/wp\/v2\/users\/29"}],"replies":[{"embeddable":true,"href":"https:\/\/www.mes-allocs.fr\/guides\/wp-json\/wp\/v2\/comments?post=631"}],"version-history":[{"count":45,"href":"https:\/\/www.mes-allocs.fr\/guides\/wp-json\/wp\/v2\/pages\/631\/revisions"}],"predecessor-version":[{"id":112306,"href":"https:\/\/www.mes-allocs.fr\/guides\/wp-json\/wp\/v2\/pages\/631\/revisions\/112306"}],"wp:featuredmedia":[{"embeddable":true,"href":"https:\/\/www.mes-allocs.fr\/guides\/wp-json\/wp\/v2\/media\/632"}],"wp:attachment":[{"href":"https:\/\/www.mes-allocs.fr\/guides\/wp-json\/wp\/v2\/media?parent=631"}],"curies":[{"name":"wp","href":"https:\/\/api.w.org\/{rel}","templated":true}]}}