{"id":28031,"date":"2021-05-31T09:43:04","date_gmt":"2021-05-31T09:43:04","guid":{"rendered":"https:\/\/www.mes-allocs.fr\/guides\/?page_id=28031"},"modified":"2026-01-22T10:50:21","modified_gmt":"2026-01-22T09:50:21","slug":"ligne-editoriale","status":"publish","type":"page","link":"https:\/\/www.mes-allocs.fr\/guides\/ligne-editoriale\/","title":{"rendered":"Ligne \u00e9ditoriale de Mes Allocs"},"content":{"rendered":"<p>no-index<\/p>\n","protected":false},"excerpt":{"rendered":"<p>no-index<\/p>\n","protected":false},"author":29,"featured_media":0,"parent":0,"menu_order":0,"comment_status":"closed","ping_status":"closed","template":"","meta":{"amp_status":"","footnotes":""},"class_list":["post-28031","page","type-page","status-publish","hentry"],"yoast_head":"<!-- This site is optimized with the Yoast SEO plugin v14.9 - https:\/\/yoast.com\/wordpress\/plugins\/seo\/ -->\n<title>Ligne \u00e9ditoriale de Mes Allocs | Mes-Allocs.fr<\/title>\n<meta name=\"description\" content=\"Nous sommes attach\u00e9s aux valeurs et aux principes \u00e9ditoriaux qui font de nous une source d&#039;information ind\u00e9pendante et objective.\" \/>\n<meta name=\"robots\" content=\"index, follow, max-snippet:-1, max-image-preview:large, max-video-preview:-1\" \/>\n<link rel=\"canonical\" href=\"https:\/\/www.mes-allocs.fr\/guides\/ligne-editoriale\/\" \/>\n<meta property=\"og:locale\" content=\"fr_FR\" \/>\n<meta property=\"og:type\" content=\"article\" \/>\n<meta property=\"og:title\" content=\"Ligne \u00e9ditoriale de Mes Allocs | Mes-Allocs.fr\" \/>\n<meta property=\"og:description\" content=\"Nous sommes attach\u00e9s aux valeurs et aux principes \u00e9ditoriaux qui font de nous une source d&#039;information ind\u00e9pendante et objective.\" \/>\n<meta property=\"og:url\" content=\"https:\/\/www.mes-allocs.fr\/guides\/ligne-editoriale\/\" \/>\n<meta property=\"og:site_name\" content=\"Mes-Allocs.fr\" \/>\n<meta property=\"article:modified_time\" content=\"2026-01-22T09:50:21+00:00\" \/>\n<meta name=\"twitter:card\" content=\"summary_large_image\" \/>\n<script type=\"application\/ld+json\" class=\"yoast-schema-graph\">{\"@context\":\"https:\/\/schema.org\",\"@graph\":[{\"@type\":\"WebSite\",\"@id\":\"https:\/\/www.mes-allocs.fr\/guides\/#website\",\"url\":\"https:\/\/www.mes-allocs.fr\/guides\/\",\"name\":\"Mes-Allocs.fr\",\"description\":\"\",\"potentialAction\":[{\"@type\":\"SearchAction\",\"target\":\"https:\/\/www.mes-allocs.fr\/guides\/?s={search_term_string}\",\"query-input\":\"required name=search_term_string\"}],\"inLanguage\":\"fr-FR\"},{\"@type\":\"WebPage\",\"@id\":\"https:\/\/www.mes-allocs.fr\/guides\/ligne-editoriale\/#webpage\",\"url\":\"https:\/\/www.mes-allocs.fr\/guides\/ligne-editoriale\/\",\"name\":\"Ligne \\u00e9ditoriale de Mes Allocs | Mes-Allocs.fr\",\"isPartOf\":{\"@id\":\"https:\/\/www.mes-allocs.fr\/guides\/#website\"},\"datePublished\":\"2021-05-31T09:43:04+00:00\",\"dateModified\":\"2026-01-22T09:50:21+00:00\",\"description\":\"Nous sommes attach\\u00e9s aux valeurs et aux principes \\u00e9ditoriaux qui font de nous une source d'information ind\\u00e9pendante et objective.\",\"inLanguage\":\"fr-FR\"}]}<\/script>\n<!-- \/ Yoast SEO plugin. -->","amp_validity":null,"acf":{"faq":{"1":{"question":"","answer":""},"2":{"question":"","answer":""},"3":{"question":"","answer":""},"4":{"question":"","answer":""},"5":{"question":"","answer":""},"6":{"question":"","answer":""},"7":{"question":"","answer":""},"8":{"question":"","answer":""},"9":{"question":"","answer":""},"10":{"question":"","answer":""},"11":{"question":"","answer":""},"12":{"question":"","answer":""},"13":{"question":"","answer":""},"14":{"question":"","answer":""},"15":{"question":"","answer":""},"16":{"question":"","answer":""}}},"_links":{"self":[{"href":"https:\/\/www.mes-allocs.fr\/guides\/wp-json\/wp\/v2\/pages\/28031","targetHints":{"allow":["GET"]}}],"collection":[{"href":"https:\/\/www.mes-allocs.fr\/guides\/wp-json\/wp\/v2\/pages"}],"about":[{"href":"https:\/\/www.mes-allocs.fr\/guides\/wp-json\/wp\/v2\/types\/page"}],"author":[{"embeddable":true,"href":"https:\/\/www.mes-allocs.fr\/guides\/wp-json\/wp\/v2\/users\/29"}],"replies":[{"embeddable":true,"href":"https:\/\/www.mes-allocs.fr\/guides\/wp-json\/wp\/v2\/comments?post=28031"}],"version-history":[{"count":6,"href":"https:\/\/www.mes-allocs.fr\/guides\/wp-json\/wp\/v2\/pages\/28031\/revisions"}],"predecessor-version":[{"id":28606,"href":"https:\/\/www.mes-allocs.fr\/guides\/wp-json\/wp\/v2\/pages\/28031\/revisions\/28606"}],"wp:attachment":[{"href":"https:\/\/www.mes-allocs.fr\/guides\/wp-json\/wp\/v2\/media?parent=28031"}],"curies":[{"name":"wp","href":"https:\/\/api.w.org\/{rel}","templated":true}]}}