{"id":104800,"date":"2025-10-16T11:52:45","date_gmt":"2025-10-16T09:52:45","guid":{"rendered":"https:\/\/www.mes-allocs.fr\/guides\/?page_id=104800"},"modified":"2025-10-16T11:52:45","modified_gmt":"2025-10-16T09:52:45","slug":"aide-entreprise","status":"publish","type":"page","link":"https:\/\/www.mes-allocs.fr\/guides\/aide-entreprise\/","title":{"rendered":"Aide entreprise : le guide de toutes les aides en 2025"},"content":{"rendered":"<p><img loading=\"lazy\" decoding=\"async\" title=\"aide entreprise\" src=\"https:\/\/www.mes-allocs.fr\/guides\/wp-content\/uploads\/2025\/10\/aide-entreprise-.jpg\" alt=\"aide entreprise\" width=\"1900\" height=\"300\" \/><\/p>\n<p>Les<b> aides pour les entreprises <\/b>sont des dispositifs pens\u00e9s pour vous accompagner \u00e0 cr\u00e9er, g\u00e9rer ou d\u00e9velopper une entreprise. On sait que l&rsquo;entrepreneuriat n\u2019est pas quelque chose de toujours simple. Mais en 2025, des aides sont l\u00e0 pour vous accompagner pas \u00e0 pas. Mes Allocs vous explique tout dans ce guide.<\/p>\n<div class='cta-block'><div class='text'>Simulez toutes vos aides en 2 min.<\/div><a href='https:\/\/www.mes-allocs.fr\/simulation-aides?origin=guides\/wp-json\/wp\/v2\/pages\/104800' class='app-button fit'>Simulation gratuite<\/a><\/div>\n<h1>Quelles sont les aides \u00e0 la cr\u00e9ation ou \u00e0 la reprise d\u2019entreprise en 2025 ?<\/h1>\n<p>Cr\u00e9er ou reprendre une entreprise demande souvent un coup de pouce. Heureusement, en 2025, plusieurs aides peuvent vous accompagner d\u00e8s le d\u00e9part.<\/p>\n<h2>Qu\u2019est-ce que l\u2019ACRE ?<\/h2>\n<p>L\u2019Aide \u00e0 la Cr\u00e9ation ou \u00e0 la Reprise d\u2019Entreprise (<b>ACRE<\/b>) est l\u2019une des aides les plus connues qui encourage les entrepreneurs \u00e0 cr\u00e9er ou \u00e0 reprendre une entreprise. Cette aide r\u00e9duit leurs charges sociales en d\u00e9but d\u2019activit\u00e9. Elle s\u2019adresse surtout aux demandeurs d\u2019emploi, aux jeunes, aux b\u00e9n\u00e9ficiaires du RSA ou encore aux travailleurs handicap\u00e9s. Vous devez la demander \u00e0 l\u2019URSSAF et valable <b>12 mois.\u00a0<\/b><\/p>\n<h2>Qu\u2019est-ce que l\u2019ARCE ?<\/h2>\n<p>L\u2019Aide \u00e0 la Reprise et \u00e0 la Cr\u00e9ation d\u2019Entreprise (<b>ARCE<\/b>) et l\u2019ACRE peuvent se cumuler. L\u2019ARCE est une aide vers\u00e9e par <b>France Travail<\/b> aux cr\u00e9ateurs ou repreneurs d\u2019entreprise. Elle consiste \u00e0 percevoir une partie de ses allocations ch\u00f4mage sous forme de capital pour financer le d\u00e9marrage des activit\u00e9s.<\/p>\n<p>En cas de reprise ou de cr\u00e9ation d\u2019entreprise, les demandeurs d\u2019emploi indemnis\u00e9s choisissent entre : le maintien partiel de l\u2019Allocation d\u2019aide de Retour \u00e0 l\u2019Emploi (<b>ARE<\/b>) et le versement de l\u2019ARCE en <b>deux fois<\/b>. Sa somme correspond \u00e0 un<b> capital de droits<\/b> calcul\u00e9 en fonction de leurs droits restants \u00e0 l\u2019allocation ch\u00f4mage.<\/p>\n<p>Pour b\u00e9n\u00e9ficier de l\u2019ARCE, vous devez :<\/p>\n<ul>\n<li aria-level=\"1\">Avoir cr\u00e9\u00e9 ou repris une entreprise en France apr\u00e8s la fin de votre contrat de travail.<\/li>\n<li aria-level=\"1\">B\u00e9n\u00e9ficier de l\u2019Allocation d\u2019Aide au Retour \u00e0 l\u2019Emploi (ARE)<\/li>\n<li aria-level=\"1\">B\u00e9n\u00e9ficier de l\u2019ACRE<\/li>\n<\/ul>\n<div class='shortcode important'><div class='title'>Important<\/div><div class='content'>L\u2019ARCE ne peut pas \u00eatre vers\u00e9e en plus de l\u2019ARE. Si vous choisissez l\u2019ARCE, vous ne pourrez plus cumuler l\u2019ARE avec la r\u00e9mun\u00e9ration g\u00e9n\u00e9r\u00e9e par votre activit\u00e9 reprise ou cr\u00e9\u00e9e. De plus, l\u2019ARCE est assujettie \u00e0 la Contribution Sociale G\u00e9n\u00e9ralis\u00e9e (<b>CSG<\/b>) et \u00e0 la Contribution au Remboursement de la Dette Sociale (<b>CDRS<\/b>).<\/div><\/div>\n<p>Nous pouvons toutefois pr\u00e9ciser que :<\/p>\n<ul>\n<li aria-level=\"1\">Le montant de l\u2019ARCE est de 60\u202f% des droits ARE restants.<\/li>\n<li aria-level=\"1\">Le versement se fait en deux fois : le premier \u00e0 la cr\u00e9ation, le second six mois apr\u00e8s, sous conditions (activit\u00e9 toujours en cours, pas de CDI plein temps dans certains cas).<\/li>\n<li aria-level=\"1\">Depuis le 1\u1d49\u02b3 avril 2025, certaines conditions pour le second versement ont \u00e9t\u00e9 modifi\u00e9es (par exemple la condition de ne pas exercer un CDI \u00e0 plein temps \u00e0 ce moment)<\/li>\n<\/ul>\n<h2>Qu\u2019est-ce que le CAPE ?<\/h2>\n<p>Il y a aussi le Contrat d\u2019Appui au Projet d\u2019Entreprise, ou <b>CAPE<\/b> qui vous donne la possibilit\u00e9 de tester votre activit\u00e9 dans un cadre s\u00e9curis\u00e9 en \u00e9tant accompagn\u00e9 par une structure sp\u00e9cialis\u00e9e. Ce contrat d\u2019accompagnement vous permet de facturer vos prestations sans avoir \u00e0 cr\u00e9er tout de suite votre propre entreprise. Il est d\u00e9clar\u00e9 \u00e0 l\u2019URSSAF et a une dur\u00e9e maximale de un an mais peut \u00eatre renouvel\u00e9 deux fois. Le CAPE est accessible \u00e0 tous ceux qui souhaitent se lancer, qu\u2019ils soient \u00e9tudiants ou demandeurs d\u2019emploi. Les salari\u00e9s \u00e0 temps plein ne peuvent pas b\u00e9n\u00e9ficier de cette aide.<\/p>\n<h2>Le statut JEI et JEU<\/h2>\n<p>Pour les entreprises <b>innovantes<\/b>, le statut de Jeune Entreprise Innovante (JEI) propose des all\u00e8gements fiscaux et sociaux afin d\u2019encourager la recherche et le d\u00e9veloppement. Le statut de Jeune Entreprise Universitaire (JEU) s\u2019adresse aux projets issus d\u2019\u00e9tudiants, chercheurs ou enseignants-chercheurs qui ont un lien avec un \u00e9tablissement d\u2019enseignement sup\u00e9rieur.<\/p>\n<h2>Qu\u2019en est-il des jeunes agriculteurs ?<\/h2>\n<p>Si vous \u00eates un jeune agriculteur, sachez qu\u2019il existe des aides propres \u00e0 l\u2019installation. Il peut s\u2019agir de <b>subventions<\/b> ou de <b>dotations<\/b>. Elles sont \u00e0 demander dans les d\u00e9lais impartis pour soutenir le d\u00e9marrage de votre activit\u00e9 agricole.<\/p>\n<h1>Quelles sont les aides en soutien \u00e0 l\u2019activit\u00e9 d\u2019une entreprise ?<\/h1>\n<h2>Les aides \u00e0 l\u2019embauche<\/h2>\n<p>Pour <b>encourager<\/b> l\u2019emploi, plusieurs moyens sont propos\u00e9s. Ils visent \u00e0 all\u00e9ger le co\u00fbt des recrutements en particulier lorsque vous embauchez des jeunes, des seniors ou des demandeurs d\u2019emploi de longue dur\u00e9e. Ces aides prennent souvent la forme <b>d\u2019exon\u00e9rations<\/b> de charges sociales. Cela facilite l\u2019int\u00e9gration de nouveaux salari\u00e9s. Par ailleurs, dans certains secteurs prioritaires, vous pouvez b\u00e9n\u00e9ficier d\u2019une prime \u00e0 <b>l\u2019embauche<\/b>, c\u2019est un soutien financier qui vient compl\u00e9ter ces exon\u00e9rations.<\/p>\n<div class='shortcode tips'><div class='title'>Exemple<\/div><div class='content'>Par exemple, si vous embauchez un apprenti en 2025, vous pourrez b\u00e9n\u00e9ficier d\u2019une aide de 5 000 \u20ac si votre entreprise compte moins de 250 salari\u00e9s.<\/div><\/div>\n<h2>Le cr\u00e9dit d\u2019imp\u00f4t pour la comp\u00e9titivit\u00e9 et l\u2019emploi (CICE)<\/h2>\n<p>M\u00eame si le <b>CICE<\/b> a \u00e9t\u00e9 supprim\u00e9 le 1er janvier 2019 et remplac\u00e9 par un all\u00e8gement des charges sociales employeurs, certaines mesures fiscales similaires continuent \u00e0 r\u00e9duire le co\u00fbt du travail en 2025. Elles s\u2019inscrivent dans la politique \u00e9conomique du gouvernement. De plus, elles permettent aux entreprises d\u2019am\u00e9liorer leur comp\u00e9titivit\u00e9 en all\u00e9geant leurs charges sociales et fiscales.<\/p>\n<h1>Entreprise en difficult\u00e9 financi\u00e8re : quelles aides et solutions possibles ?<\/h1>\n<p>Si votre entreprise traverse une p\u00e9riode difficile, plusieurs solutions peuvent vous aider \u00e0 r\u00e9gler le probl\u00e8me. Les <b>pr\u00eats<\/b> garantis par l\u2019\u00c9tat, appel\u00e9s <b>PGE<\/b>, vous offrent un acc\u00e8s facilit\u00e9 \u00e0 la tr\u00e9sorerie. De plus, les tribunaux de commerce peuvent intervenir en proposant des plans de sauvegarde ou de restructuration. Ils vous permettront d\u2019\u00e9taler ou de r\u00e9duire vos dettes tout en poursuivant votre activit\u00e9.<\/p>\n<p>Des organismes publics, comme la <b>m\u00e9diation<\/b> du cr\u00e9dit, sont \u00e0 votre disposition pour vous accompagner dans vos d\u00e9marches et faciliter le dialogue avec vos banques ou fournisseurs. Ces aides visent \u00e0 <b>pr\u00e9server<\/b> l\u2019emploi et \u00e0 \u00e9viter de faire faillite. Elles vous offrent aussi un accompagnement adapt\u00e9 \u00e0 votre situation.<\/p>\n<h1>Quelles aides \u00e0 l\u2019investissement pour une entreprise en 2025 ?<\/h1>\n<p>Investir dans votre entreprise permettra sa <b>croissance<\/b>. En 2025, plusieurs aides peuvent vous soutenir dans cette d\u00e9marche.<\/p>\n<h2>Le CIF : soutenir l\u2019\u00e9quilibre vie pro\/vie perso<\/h2>\n<p>Le Cr\u00e9dit d\u2019Imp\u00f4t Famille (CIF) aide les entreprises \u00e0 <strong>soutenir<\/strong> leurs employ\u00e9s pour mieux combiner vie familiale et vie professionnelle. Les entreprises peuvent d\u00e9duire une partie de ces d\u00e9penses de leurs imp\u00f4ts dans la limite des 500 000\u20ac par an. Le taux varie selon le type de d\u00e9penses. Toute entreprise ayant des <strong>salari\u00e9s<\/strong> peut en b\u00e9n\u00e9ficier tant qu\u2019elle est soumise au r\u00e9gime r\u00e9el d\u2019imposition. Le CIF permet aux entreprises de r\u00e9cup\u00e9rer<strong> 50%<\/strong> des d\u00e9penses pour l\u2019accueil des jeunes enfants de leurs salari\u00e9s et <strong>25%<\/strong> pour les services \u00e0 la personne.<\/p>\n<div class='shortcode tips'><div class='title'>Exemple<\/div><div class='content'> Une entreprise d\u00e9pense 50 000\u20ac pour la cr\u00e9ation d\u2019une cr\u00e8che pour les enfants de ses salari\u00e9s. La m\u00eame entreprise d\u00e9pense aussi 100 000\u20ac pour financer des services \u00e0 la personne. Calcul du cr\u00e9dit d\u2019imp\u00f4t :<\/p>\n<p>Pour la cr\u00e8che : 50 000 x 50% =25\u202f000\u20ac<\/p>\n<p>Pour les services \u00e0 la personne : 100 000 x 25% =25\u202f000\u20ac<\/p>\n<p>Total du cr\u00e9dit d\u2019imp\u00f4t : 25 000 + 25 000 =50\u202f000\u20ac<\/div><\/div>\n<div class='shortcode important'><div class='title'>Important<\/div><div class='content'>Quand une entreprise re\u00e7oit des subventions (aides publiques) pour ses d\u00e9penses \u00e9ligibles au CIF, ces aides ne comptent pas comme des d\u00e9penses pour calculer le CIF.<\/div><\/div>\n<p>Autrement dit, seules les d\u00e9penses pay\u00e9es par l\u2019entreprise sont prises en compte.<\/p>\n<h2>Qu\u2019en est-il du Cr\u00e9dit d\u2019Imp\u00f4t de recherche ?<\/h2>\n<p>Le cr\u00e9dit d\u2019imp\u00f4t recherche (<b>CIR<\/b>) encourage les entreprises \u00e0 engager des activit\u00e9s de recherche et d\u00e9veloppement (<b>R&amp;D<\/b>) en plus de leur apporter une aide fiscale. Ce cr\u00e9dit est directement d\u00e9duit de l\u2019imp\u00f4t sur les soci\u00e9t\u00e9s ou de l\u2019imp\u00f4t sur le revenu. Pendant les trois ann\u00e9es suivant l\u2019ann\u00e9e d\u2019obtention, l\u2019entreprise peut utiliser son <b>CIR<\/b> pour payer son imp\u00f4t.<\/p>\n<p>Les entreprises commerciales, industrielles, artisanales et agricoles sont \u00e9ligibles au CIR peu importe leur taille ou leur forme juridique.<\/p>\n<p>Le taux et le montant du CIR d\u00e9pendent des d\u00e9penses et de la localisation :<\/p>\n<ul>\n<li aria-level=\"1\">France M\u00e9tropolitaine : 30% sur les d\u00e9penses de R&amp;D jusqu\u2019\u00e0 100 millions d\u2019euros puis 5% au-del\u00e0.<\/li>\n<li aria-level=\"1\">Corse : 35% pour les moyennes entreprises et 40% pour les petites entreprises<\/li>\n<li aria-level=\"1\">En D\u00e9partements d\u2019Outre-Mer (DOM) : 50% jusqu\u2019\u00e0 100 millions d\u2019euros puis 5% au-del\u00e0.<\/li>\n<\/ul>\n<h2>Le CIMA : un coup de pouce aux artisans d\u2019exception<\/h2>\n<p>Si vous travaillez dans les m\u00e9tiers d\u2019art, le Cr\u00e9dit d\u2019Imp\u00f4t en faveur des M\u00e9tiers d\u2019Art (<b>CIMA<\/b>) pourrait vous int\u00e9resser. Cette aide soutient la cr\u00e9ation artisanale d\u2019excellence en France. Elle <strong>diminue<\/strong> les co\u00fbts de conception pour fabriquer des objets sur mesure ou en petites s\u00e9ries. Ce cr\u00e9dit d\u2019imp\u00f4t s\u2019\u00e9l\u00e8ve \u00e0 <strong>10%<\/strong> des d\u00e9penses \u00e9ligibles.<\/p>\n<p>Les secteurs \u00e9ligibles au CIMA sont :<\/p>\n<ul>\n<li aria-level=\"1\">Horlogerie<\/li>\n<li aria-level=\"1\">Bijouterie<\/li>\n<li aria-level=\"1\">Joaillerie<\/li>\n<li aria-level=\"1\">Orf\u00e8vrerie<\/li>\n<li aria-level=\"1\">Lunetterie<\/li>\n<li aria-level=\"1\">Arts de table<\/li>\n<li aria-level=\"1\">Arts du jouet<\/li>\n<li aria-level=\"1\">Arts de l\u2019ameublement<\/li>\n<li aria-level=\"1\">Arts de la facture instrumentale<\/li>\n<\/ul>\n<div class='shortcode important'><div class='title'>Important<\/div><div class='content'>Le CIMA a \u00e9t\u00e9 prolong\u00e9 jusqu\u2019au 31 d\u00e9cembre 2026 par la loi des finances 2024.<\/div><\/div>\n<div class='cta-block'><div class='text'>Simulez toutes vos aides en 2 min.<\/div><a href='https:\/\/www.mes-allocs.fr\/simulation-aides?origin=guides\/wp-json\/wp\/v2\/pages\/104800' class='app-button fit'>Simulation gratuite<\/a><\/div>\n<h1>Quelles aides permettent de r\u00e9duire les charges de votre entreprise ?<\/h1>\n<h2>Les exon\u00e9rations de cotisations sociales<\/h2>\n<p>Certaines cat\u00e9gories d\u2019entreprises peuvent b\u00e9n\u00e9ficier d\u2019exon\u00e9rations partielles ou totales de <b>cotisations<\/b> sociales surtout lorsqu\u2019elles se trouvent dans des zones prioritaires ou quand elles embauchent des profils <b>cibl\u00e9s<\/b>.<\/p>\n<h2>Aides fiscales<\/h2>\n<p>Selon votre secteur d\u2019activit\u00e9, la taille de votre entreprise ou votre localisation, vous pouvez aussi acc\u00e9der \u00e0 diff\u00e9rentes <b>aides<\/b> fiscales. Il peut s\u2019agir de cr\u00e9dits d\u2019imp\u00f4t, des r\u00e9ductions d\u2019imp\u00f4t ou des reports de charges. Elles vous aident \u00e0 mieux <b>ma\u00eetriser<\/b> vos d\u00e9penses fiscales et \u00e0 optimiser vos ressources.<\/p>\n<h2>Soutiens en cas de difficult\u00e9s de tr\u00e9sorerie<\/h2>\n<p>Si vous avez des probl\u00e8mes ponctuels de <b>tr\u00e9sorerie<\/b>, des aides peuvent vous \u00eatre accord\u00e9es. Elles prennent la forme d\u2019avances remboursables, de reports de paiement de charges sociales ou fiscales.<\/p>\n<h1>Quelles aides pour engager une transition \u00e9cologique ?<\/h1>\n<p>La transition \u00e9cologique est un <b>d\u00e9fi<\/b> pour les entreprises. Plusieurs aides sont l\u00e0 pour vous aider. Par exemple, vous pouvez recevoir des <b>subventions<\/b> pour am\u00e9liorer l\u2019isolation, le chauffage ou installer des \u00e9quipements qui consomment peu d\u2019\u00e9nergie dans vos locaux.<\/p>\n<h1>Quelles aides pour entamer une transformation num\u00e9rique ?<\/h1>\n<p>La <b>digitalisation<\/b> est aujourd\u2019hui indispensable pour rester comp\u00e9titif. En 2025, vous pouvez b\u00e9n\u00e9ficier d\u2019aides pour racheter du <b>mat\u00e9riel<\/b> informatique, former vos \u00e9quipes aux outils num\u00e9riques, cr\u00e9er un site internet ou une boutique en ligne et renforcer la cybers\u00e9curit\u00e9 de votre entreprise. Ces aides viennent \u00e0 la fois de sources publiques et de <b>partenaires<\/b> priv\u00e9s pour faciliter votre passage \u00e0 un mod\u00e8le plus connect\u00e9 et efficace.<\/p>\n<h1>Comment faire une demande d\u2019aide pour votre entreprise ?<\/h1>\n<h2>\u00c9tape 1 : Identifiez les aides auxquelles vous \u00eates \u00e9ligible<\/h2>\n<p>Avant de vous lancer, prenez le temps <b>d\u2019analyser<\/b> votre situation, votre secteur d\u2019activit\u00e9 et vos objectifs. Cette \u00e9tape est primordiale pour cibler les aides les plus adapt\u00e9es \u00e0 votre profil. Les sites officiels comme France Travail ou les chambres de commerce sont excellents pour vos recherches.<\/p>\n<h2>\u00c9tape 2 : Constituez un dossier solide<\/h2>\n<p>Une fois les aides identifi\u00e9es, pr\u00e9parez un <b>dossier<\/b> clair et complet. D\u00e9crivez pr\u00e9cis\u00e9ment votre projet, rassemblez tous les justificatifs administratifs et financiers n\u00e9cessaires. Veillez aussi \u00e0 joindre toutes les <b>pi\u00e8ces<\/b> sp\u00e9cifiques demand\u00e9es pour chaque aide. Un dossier bien mont\u00e9 augmente vos chances d\u2019obtenir un soutien rapidement et efficacement.<\/p>\n<p>N\u2019h\u00e9sitez pas \u00e0 vous faire accompagner par des professionnels ou des structures sp\u00e9cialis\u00e9es pour vous guider dans ces d\u00e9marches.<\/p>\n<div class='shortcode summary'><div class='title'>En r\u00e9sum\u00e9 :<\/div><div class='content'><ul><li>En 2025, de nombreuses aides publiques et priv\u00e9es soutiennent la cr\u00e9ation, la reprise et le d\u00e9veloppement d\u2019entreprise.<\/li><li>L\u2019ACRE, l\u2019ARCE et le CAPE facilitent le lancement, tandis que les statuts JEI et JEU encouragent l\u2019innovation.<\/li><li>En cas de difficult\u00e9s financi\u00e8res, des pr\u00eats, plans de restructuration et accompagnements sont disponibles.<\/li><li>Des aides aident \u00e0 r\u00e9duire les charges sociales et fiscales, et \u00e0 soulager la tr\u00e9sorerie.<\/li><li>Identifier les aides adapt\u00e9es et pr\u00e9parer un bon dossier sont essentiels pour r\u00e9ussir votre demande.<\/li><\/ul><\/div><\/div>\n<div class='cta-block'><div class='text'>Simulez toutes vos aides en 2 min.<\/div><a href='https:\/\/www.mes-allocs.fr\/simulation-aides?origin=guides\/wp-json\/wp\/v2\/pages\/104800' class='app-button fit'>Simulation gratuite<\/a><\/div>\n","protected":false},"excerpt":{"rendered":"<p>Les aides pour les entreprises sont des dispositifs pens\u00e9s pour vous accompagner \u00e0 cr\u00e9er, g\u00e9rer ou d\u00e9velopper une entreprise. On sait que l&rsquo;entrepreneuriat n\u2019est pas quelque chose de toujours simple. Mais en 2025, des aides sont l\u00e0 pour vous accompagner pas \u00e0 pas. Mes Allocs vous explique tout dans ce guide. Quelles sont les aides [&hellip;]<\/p>\n","protected":false},"author":29,"featured_media":104812,"parent":0,"menu_order":0,"comment_status":"closed","ping_status":"closed","template":"","meta":{"amp_status":"","footnotes":""},"class_list":["post-104800","page","type-page","status-publish","has-post-thumbnail","hentry"],"yoast_head":"<!-- This site is optimized with the Yoast SEO plugin v14.9 - https:\/\/yoast.com\/wordpress\/plugins\/seo\/ -->\n<title>Aide entreprise : le guide de toutes les aides en 2025 | Mes-Allocs.fr<\/title>\n<meta name=\"description\" content=\"Quelles aides existent en 2025 pour cr\u00e9er, g\u00e9rer ou relancer votre entreprise ? D\u00e9couvrez les dispositifs auxquels vous pouvez pr\u00e9tendre.\" \/>\n<meta name=\"robots\" content=\"index, follow, max-snippet:-1, max-image-preview:large, max-video-preview:-1\" \/>\n<link rel=\"canonical\" href=\"https:\/\/www.mes-allocs.fr\/guides\/aide-entreprise\/\" \/>\n<meta property=\"og:locale\" content=\"fr_FR\" \/>\n<meta property=\"og:type\" content=\"article\" \/>\n<meta property=\"og:title\" content=\"Aide entreprise : le guide de toutes les aides en 2025 | Mes-Allocs.fr\" \/>\n<meta property=\"og:description\" content=\"Quelles aides existent en 2025 pour cr\u00e9er, g\u00e9rer ou relancer votre entreprise ? D\u00e9couvrez les dispositifs auxquels vous pouvez pr\u00e9tendre.\" \/>\n<meta property=\"og:url\" content=\"https:\/\/www.mes-allocs.fr\/guides\/aide-entreprise\/\" \/>\n<meta property=\"og:site_name\" content=\"Mes-Allocs.fr\" \/>\n<meta property=\"og:image\" content=\"https:\/\/www.mes-allocs.fr\/guides\/wp-content\/uploads\/2025\/10\/aide-entreprise-1.jpg?wsr\" \/>\n\t<meta property=\"og:image:width\" content=\"1920\" \/>\n\t<meta property=\"og:image:height\" content=\"1281\" \/>\n<meta name=\"twitter:card\" content=\"summary_large_image\" \/>\n<script type=\"application\/ld+json\" class=\"yoast-schema-graph\">{\"@context\":\"https:\/\/schema.org\",\"@graph\":[{\"@type\":\"WebSite\",\"@id\":\"https:\/\/www.mes-allocs.fr\/guides\/#website\",\"url\":\"https:\/\/www.mes-allocs.fr\/guides\/\",\"name\":\"Mes-Allocs.fr\",\"description\":\"\",\"potentialAction\":[{\"@type\":\"SearchAction\",\"target\":\"https:\/\/www.mes-allocs.fr\/guides\/?s={search_term_string}\",\"query-input\":\"required name=search_term_string\"}],\"inLanguage\":\"fr-FR\"},{\"@type\":\"ImageObject\",\"@id\":\"https:\/\/www.mes-allocs.fr\/guides\/aide-entreprise\/#primaryimage\",\"inLanguage\":\"fr-FR\",\"url\":\"https:\/\/www.mes-allocs.fr\/guides\/wp-content\/uploads\/2025\/10\/aide-entreprise-1.jpg?wsr\",\"width\":1920,\"height\":1281,\"caption\":\"aide entreprise\"},{\"@type\":\"WebPage\",\"@id\":\"https:\/\/www.mes-allocs.fr\/guides\/aide-entreprise\/#webpage\",\"url\":\"https:\/\/www.mes-allocs.fr\/guides\/aide-entreprise\/\",\"name\":\"Aide entreprise : le guide de toutes les aides en 2025 | Mes-Allocs.fr\",\"isPartOf\":{\"@id\":\"https:\/\/www.mes-allocs.fr\/guides\/#website\"},\"primaryImageOfPage\":{\"@id\":\"https:\/\/www.mes-allocs.fr\/guides\/aide-entreprise\/#primaryimage\"},\"datePublished\":\"2025-10-16T09:52:45+00:00\",\"dateModified\":\"2025-10-16T09:52:45+00:00\",\"description\":\"Quelles aides existent en 2025 pour cr\\u00e9er, g\\u00e9rer ou relancer votre entreprise ? D\\u00e9couvrez les dispositifs auxquels vous pouvez pr\\u00e9tendre.\",\"inLanguage\":\"fr-FR\"}]}<\/script>\n<!-- \/ Yoast SEO plugin. -->","amp_validity":null,"acf":{"faq":{"1":{"question":"Quelles sont les aides pour les entreprises ?","answer":"Il existe des aides \u00e0 la cr\u00e9ation ou reprise d\u2019entreprise (comme l\u2019ACRE ou l\u2019ARCE), des exon\u00e9rations de charges \u00e0 l\u2019embauche, des cr\u00e9dits d\u2019imp\u00f4t (famille, recherche, m\u00e9tiers d\u2019art), ainsi que des soutiens en cas de difficult\u00e9s financi\u00e8res."},"2":{"question":"Quels sont les 3 modes de financement possibles pour les entreprises ?","answer":"Les entreprises peuvent se financer gr\u00e2ce \u00e0 leurs propres ressources, via des pr\u00eats ou cr\u00e9dits externes, ou encore par des solutions alternatives comme le crowdfunding ou les investisseurs priv\u00e9s.\r\n"},"3":{"question":"Puis-je toucher le ch\u00f4mage si je cr\u00e9er mon entreprise ?","answer":"Oui, il est possible de toucher le ch\u00f4mage en cr\u00e9ant votre entreprise, notamment gr\u00e2ce \u00e0 l\u2019ARCE, qui permet de percevoir une partie de vos allocations ch\u00f4mage sous forme de capital pour financer votre projet."},"4":{"question":"Quelles aides micro-entrepreneur ?","answer":"Vous pouvez b\u00e9n\u00e9ficier de plusieurs aides en tant que micro-entrepreneur. Parmi elles, il y a ARE, l\u2019ARCE, ACRE, ainsi que la prime d\u2019activit\u00e9."},"5":{"question":"Comment puis-je financer mon projet professionnel ?","answer":"Pour financer votre projet professionnel, vous pouvez utiliser vos \u00e9conomies personnelles, des pr\u00eats bancaires, ou faire appel \u00e0 des aides publiques et subventions d\u00e9di\u00e9es aux entrepreneurs. Vous pouvez aussi chercher des investisseurs ou utiliser le financement participatif pour r\u00e9unir des fonds."},"6":{"question":"Quelles aides pour un entrepreneur qui d\u00e9bute ?","answer":"Un entrepreneur qui d\u00e9bute peut b\u00e9n\u00e9ficier de plusieurs aides, comme l\u2019ACRE, qui r\u00e9duit les charges sociales au d\u00e9marrage, l\u2019ARCE, qui permet de recevoir une partie de ses allocations ch\u00f4mage en capital, ou encore le CAPE, un contrat d\u2019appui pour tester son activit\u00e9. "},"7":{"question":"","answer":""},"8":{"question":"","answer":""},"9":{"question":"","answer":""},"10":{"question":"","answer":""},"11":{"question":"","answer":""},"12":{"question":"","answer":""},"13":{"question":"","answer":""},"14":{"question":"","answer":""},"15":{"question":"","answer":""},"16":{"question":"","answer":""}}},"_links":{"self":[{"href":"https:\/\/www.mes-allocs.fr\/guides\/wp-json\/wp\/v2\/pages\/104800","targetHints":{"allow":["GET"]}}],"collection":[{"href":"https:\/\/www.mes-allocs.fr\/guides\/wp-json\/wp\/v2\/pages"}],"about":[{"href":"https:\/\/www.mes-allocs.fr\/guides\/wp-json\/wp\/v2\/types\/page"}],"author":[{"embeddable":true,"href":"https:\/\/www.mes-allocs.fr\/guides\/wp-json\/wp\/v2\/users\/29"}],"replies":[{"embeddable":true,"href":"https:\/\/www.mes-allocs.fr\/guides\/wp-json\/wp\/v2\/comments?post=104800"}],"version-history":[{"count":11,"href":"https:\/\/www.mes-allocs.fr\/guides\/wp-json\/wp\/v2\/pages\/104800\/revisions"}],"predecessor-version":[{"id":104934,"href":"https:\/\/www.mes-allocs.fr\/guides\/wp-json\/wp\/v2\/pages\/104800\/revisions\/104934"}],"wp:featuredmedia":[{"embeddable":true,"href":"https:\/\/www.mes-allocs.fr\/guides\/wp-json\/wp\/v2\/media\/104812"}],"wp:attachment":[{"href":"https:\/\/www.mes-allocs.fr\/guides\/wp-json\/wp\/v2\/media?parent=104800"}],"curies":[{"name":"wp","href":"https:\/\/api.w.org\/{rel}","templated":true}]}}