{"id":10394,"date":"2020-07-30T14:51:50","date_gmt":"2020-07-30T14:51:50","guid":{"rendered":"https:\/\/www.mes-allocs.fr\/guides\/?page_id=10394"},"modified":"2026-02-18T16:08:09","modified_gmt":"2026-02-18T15:08:09","slug":"caisse-allocations-familiales","status":"publish","type":"page","link":"https:\/\/www.mes-allocs.fr\/guides\/caisse-allocations-familiales\/","title":{"rendered":"Tout savoir sur la Caisse d&rsquo;Allocations Familiales"},"content":{"rendered":"<p><img loading=\"lazy\" decoding=\"async\" class=\"alignnone wp-image-59433 size-full\" title=\"rsa et dirigeant sasu\" src=\"https:\/\/www.mes-allocs.fr\/guides\/wp-content\/uploads\/2022\/12\/image_2022-12-07_094058197.png\" alt=\"Tout savoir sur la Caisse d'allocations familiales\" width=\"1251\" height=\"248\" srcset=\"https:\/\/www.mes-allocs.fr\/guides\/wp-content\/uploads\/2022\/12\/image_2022-12-07_094058197.png 1251w, https:\/\/www.mes-allocs.fr\/guides\/wp-content\/uploads\/2022\/12\/image_2022-12-07_094058197-300x59.png 300w, https:\/\/www.mes-allocs.fr\/guides\/wp-content\/uploads\/2022\/12\/image_2022-12-07_094058197-1024x203.png 1024w, https:\/\/www.mes-allocs.fr\/guides\/wp-content\/uploads\/2022\/12\/image_2022-12-07_094058197-768x152.png 768w, https:\/\/www.mes-allocs.fr\/guides\/wp-content\/uploads\/2022\/12\/image_2022-12-07_094058197-600x119.png 600w\" sizes=\"auto, (max-width: 1251px) 100vw, 1251px\" \/>[Mis \u00e0 jour le 18\/02\/2026] <strong>La Caisse d&rsquo;allocations familiales est pr\u00e9sente dans tous les d\u00e9partements, ainsi elle verse des prestations familiales, mais \u00e9galement des prestations logement. Elle est \u00e9galement en charge de verser des aides destin\u00e9es \u00e0 lutter contre la pauvret\u00e9, comme la prime d&rsquo;activit\u00e9 ou le RSA. Mes Allocs vous explique quelle est la mission de la CAF et quelles sont les aides en vigueur.<\/strong><\/p>\n<div class='cta-block'><div class='text'>Simulez toutes vos aides en 2 min.<\/div><a href='https:\/\/www.mes-allocs.fr\/ab-app?origin=guides\/wp-json\/wp\/v2\/pages\/10394' class='app-button fit'>Simulation gratuite<\/a><\/div>\n<h1>Qu&rsquo;est-ce que la Caisse d&rsquo;allocations familiales (CAF) ?<\/h1>\n<p>La Caisse d&rsquo;allocations familiales, plus souvent nomm\u00e9e CAF est un organisme de droit public qui partit de la Caisse nationale des allocations familiales (CNAF) qui permet de g\u00e9rer et de verser des prestations au titre des allocations familiales. La CAF a pour mission principale de venir en aide financi\u00e8rement aux familles dans le besoin.<\/p>\n<p>En France, pr\u00e8s de 12,5 millions de personnes per\u00e7oivent au moins une allocation (allocataires de la CAF), ce qui repr\u00e9sente plus de 70 milliards d&rsquo;euros vers\u00e9s par la CAF aux particuliers.<\/p>\n<p>Chaque aide financi\u00e8re propos\u00e9e par la Caisse d&rsquo;allocations familiales poss\u00e8de des crit\u00e8res d&rsquo;attribution que vous devez respecter pour en b\u00e9n\u00e9ficier (personnes \u00e0 charge, conditions de r\u00e9sidence, revenus du foyer, etc.). Si vous \u00eates \u00e9ligible, certaines des aides vous sont vers\u00e9es automatiquement, selon le <a href=\"https:\/\/www.mes-allocs.fr\/guides\/caisse-allocations-familiales\/calendrier-paiement-caf\/\">calendrier de paiement CAF<\/a>, c&rsquo;est le cas de l&rsquo;allocation de rentr\u00e9e scolaire par exemple. Pour d&rsquo;autres, il faut parfois en faire la demande aupr\u00e8s de la CAF en remplissant un formulaire sp\u00e9cifique.<\/p>\n<div class='cta-block'><div class='text'>Simulez toutes vos aides en 2 min.<\/div><a href='https:\/\/www.mes-allocs.fr\/ab-app?origin=guides\/wp-json\/wp\/v2\/pages\/10394' class='app-button fit'>Simulation gratuite<\/a><\/div>\n<p><strong>Vous \u00eates \u00e9ligible en r\u00e8gle g\u00e9n\u00e9rale aux prestations vers\u00e9es par la CAF si vous \u00eates :\u00a0<\/strong><\/p>\n<ul>\n<li>Salari\u00e9<\/li>\n<li>Employeur<\/li>\n<li>Travailleur ind\u00e9pendant<\/li>\n<li>Non actif<\/li>\n<\/ul>\n<h1>Ce qu&rsquo;il faut savoir sur les aides de la CAF<\/h1>\n<p>Si vous avez fait une simulation de vos droits, mais que le montant accord\u00e9 par la CAF n&rsquo;est pas celui esp\u00e9r\u00e9 ou alors simplement une erreur de leur part vous avez plusieurs possibilit\u00e9s qui s&rsquo;offrent \u00e0 vous :<\/p>\n<ul>\n<li>La CAF vous refuse une aide ou r\u00e9clame un trop-per\u00e7u, mais vous n\u2019\u00eates pas d\u2019accord\u00a0: Dans ce cas, il ne faut pas faire une demande de remise, car cela revient \u00e0 accepter votre dette. Il faut contester la d\u00e9cision CAF.<\/li>\n<li>La CAF vous r\u00e9clame un trop-per\u00e7u et vous reconnaissez votre dette : Si vous avez signal\u00e9 un peu tardivement un changement de situation, la CAF peut vous r\u00e9clamer le remboursement des sommes trop per\u00e7ues. Dans ce cas, vous devez faire\u00a0une demande de remise gracieuse CAF.<\/li>\n<\/ul>\n<p><iframe loading=\"lazy\" title=\"Devenez un expert des aides de la CAF !\" width=\"500\" height=\"281\" src=\"https:\/\/www.youtube.com\/embed\/weTPOvJJ3bs?feature=oembed\" frameborder=\"0\" allow=\"accelerometer; autoplay; clipboard-write; encrypted-media; gyroscope; picture-in-picture; web-share\" referrerpolicy=\"strict-origin-when-cross-origin\" allowfullscreen><\/iframe><\/p>\n<h1>Quelles sont les aides vers\u00e9es par la CAF ?<\/h1>\n<p>Actuellement la CAF recense 22 aides dont vous pouvez faire la demande \u00e0 condition d&rsquo;\u00eatre \u00e9ligible.<\/p>\n<div class='cta-block'><div class='text'>Simulez toutes vos aides en 2 min.<\/div><a href='https:\/\/www.mes-allocs.fr\/ab-app?origin=guides\/wp-json\/wp\/v2\/pages\/10394' class='app-button fit'>Simulation gratuite<\/a><\/div>\n<h2>Allocations familiales<\/h2>\n<p>Cette aide financi\u00e8re vous est vers\u00e9e si vous avez \u00e0 charge deux enfants de moins de 20 ans. Selon vos ressources, le montant de l&rsquo;allocation vous est vers\u00e9 mensuellement soit \u00e0 taux plein, soit \u00e0 taux partiel. Si vous \u00eates s\u00e9par\u00e9 de votre conjoint, vous pouvez faire une demande afin que le montant des allocations familiales soit partag\u00e9, cela en cas de garde altern\u00e9e.<\/p>\n<p>Attention : l&rsquo;allocation familiale n&rsquo;est vers\u00e9e que si vous respectez les conditions d&rsquo;attribution et si vous avez un num\u00e9ro d&rsquo;allocataire.<\/p>\n<h2>Le revenu de solidarit\u00e9 active (RSA)<\/h2>\n<p>Le RSA est l&rsquo;allocation la plus connue et la plus vers\u00e9e en France. Cette allocation est vers\u00e9e \u00e0 date fixe aux personnes ayant de faibles revenus, garantissant ainsi un minimum de pouvoir d&rsquo;achat. Son montant varie entre 646,52 \u20ac (pour une personne seule sans aide au logement) \u00e0 969,78 \u20ac (pour un couple sans enfants sans APL). L\u2019aide n\u2019est pas automatique, il faut en faire la demande. Cette allocation vous donne droit \u00e0 d&rsquo;autres aides.<\/p>\n<p>\u00c0 noter : \u00c0 partir du 1er janvier 2025, chaque personne percevant le RSA sera inscrite \u00e0 France Travail et devra signer un contrat d&rsquo;engagement de 15 heures d&rsquo;activit\u00e9s par semaine.<\/p>\n<h2>La prime de No\u00ebl<\/h2>\n<p>La prime de No\u00ebl est vers\u00e9e aux personnes b\u00e9n\u00e9ficiant du RSA socle, pour l&rsquo;occasion ils per\u00e7oivent entre 152,45 euros pour une personne seule et 381,13 euros pour un couple avec 3 enfants \u00e0 charge. Les b\u00e9n\u00e9ficiaires de l&rsquo;ASS re\u00e7oivent la prime de No\u00ebl par P\u00f4le emploi.<\/p>\n<p>Le versement de la prime de No\u00ebl intervient g\u00e9n\u00e9ralement mi-d\u00e9cembre.<\/p>\n<h2>Prime d&rsquo;activit\u00e9<\/h2>\n<p>Depuis 2016 la prime d&rsquo;activit\u00e9 remplace deux anciens dispositifs, le RSA activit\u00e9 ainsi que la prime pour l&#8217;emploi. Si vous \u00eates \u00e9ligible, vous pouvez en faire la demande aupr\u00e8s de la CAF \u00e0 tout moment. Son montant varie selon vos ressources et la composition de votre foyer. Le montant est fixe pendant 3 mois, vous devez par la suite faire vos d\u00e9clarations trimestrielles pour continuer \u00e0 percevoir les versements.<\/p>\n<h2>Compl\u00e9ment familial<\/h2>\n<p>Les familles de 3 enfants ou plus re\u00e7oivent le compl\u00e9ment familial. Son montant de base est de <strong>196,59\u00a0\u20ac<\/strong>. Il peut \u00eatre major\u00e9 \u00e0 <strong>294,91\u00a0\u20ac<\/strong> selon les ressources du foyer.<\/p>\n<p>Cette aide de la CAF est vers\u00e9e d\u00e8s que le plus jeune des enfants atteint son 3\u00e8me anniversaire (l\u2019ain\u00e9 de la famille d\u2019au moins 3 enfants doit avoir moins de 21 ans). Elle est vers\u00e9e en plus des allocations familiales.<\/p>\n<div class='cta-block'><div class='text'>Simulez toutes vos aides en 2 min.<\/div><a href='https:\/\/www.mes-allocs.fr\/ab-app?origin=guides\/wp-json\/wp\/v2\/pages\/10394' class='app-button fit'>Simulation gratuite<\/a><\/div>\n<h2>Prime \u00e0 la naissance<\/h2>\n<p>La prime \u00e0 la naissance vous est vers\u00e9e pour vous aider \u00e0 prendre en charge une partie des frais li\u00e9s \u00e0 l&rsquo;arriv\u00e9e d&rsquo;un enfant (adoption comprise). G\u00e9n\u00e9ralement elle vous est vers\u00e9e dans les 2 mois suivant l&rsquo;arriv\u00e9e de l&rsquo;enfant.<\/p>\n<p>Le montant est de l&rsquo;ordre de 1 084,43 \u20ac par enfant, multipli\u00e9 par deux en cas de jumeaux.<\/p>\n<h2 id=\"Allocation_de_base_d\u00e8s_le_1er_enfant\">Allocation de base d\u00e8s le 1er enfant<\/h2>\n<p>L&rsquo;allocation de base est vers\u00e9e aux foyers pour les aider \u00e0 prendre en charge les frais li\u00e9s \u00e0 l&rsquo;\u00e9ducation et \u00e0 l&rsquo;entretien, elle est vers\u00e9e d\u00e8s le premier enfant et cela jusqu\u2019\u00e0 ses 3 ans. L\u2019allocation de base \u00e0 taux plein est de 196,59 \u20ac et de 98,30 \u20ac \u00e0 taux partiel. Comme pour la plupart des aides de la CAF, elle est vers\u00e9e le 5 du mois.<\/p>\n<h2 id=\"Le_cong\u00e9_parental\">Le cong\u00e9 parental<\/h2>\n<p>Lors de l&rsquo;arriv\u00e9e d&rsquo;un enfant, il est possible de cesser son activit\u00e9, le cong\u00e9 Pr\u00e9ParE (Prestation partag\u00e9e d\u2019\u00e9ducation de l\u2019enfant) permet ainsi \u00e0 chaque parent de cesser ou r\u00e9duire son activit\u00e9 jusqu\u2019au 3\u00e8me anniversaire du plus jeune enfant au plus tard.<\/p>\n<p>Pendant cette p\u00e9riode, les parents sont ainsi affili\u00e9s \u00e0 l&rsquo;assurance retraite par l&rsquo;AVPF de la CAF.<\/p>\n<h2 id=\"Allocation_Soutien_Familial\">Allocation Soutien Familial<\/h2>\n<p>En tant que parent isol\u00e9, vous pouvez percevoir un compl\u00e9ment de revenus avec l&rsquo;ASF (Allocation de Soutien Familial). Elle peut \u00eatre accord\u00e9e si le parent qui a la charge de payer la pension alimentaire est d\u00e9faillant (si cela est votre cas, d\u00e9couvrez l\u2019Aripa de la CAF), si vous ne percevez pas de pension. Actuellement, son montant est de 199,19 \u20ac par mois.<\/p>\n<h2 id=\"Aide_\u00e0_la_garde_d\u2019enfants\">Aide \u00e0 la garde d\u2019enfants<\/h2>\n<p>Apr\u00e8s un temps avec son enfant, les parents qui souhaitent reprendre une activit\u00e9 peuvent faire valoir leurs droits \u00e0 ce qu&rsquo;on appelle le Compl\u00e9ment libre choix du mode de garde. Cette aide prend en charge une partie des frais li\u00e9s \u00e0 la garde de l&rsquo;enfant.<\/p>\n<p>Vous avez le choix de la garde, il peut s&rsquo;agir d&rsquo;une garde \u00e0 domicile, d&rsquo;une micro-cr\u00e8che ou d&rsquo;une assistante maternelle agr\u00e9\u00e9e.<\/p>\n<h2 id=\"Allocation_de_Rentr\u00e9e_Scolaire\">Allocation de Rentr\u00e9e\u00a0Scolaire<\/h2>\n<p>La CAF verse tous les ans vers la mi-aout, l&rsquo;allocation de rentr\u00e9e scolaire. Elle est attribu\u00e9e jusqu\u2019aux 18 ans de l&rsquo;enfant. Les montants de l&rsquo;allocation de rentr\u00e9e scolaire pour l&rsquo;ann\u00e9e 2026 ne sont pas encore connus. En 2025, pour les enfants \u00e2g\u00e9s de 6 \u00e0 10 ans, l\u2019aide financi\u00e8re de la CAF est de 423,48 \u20ac et monte \u00e0 462,32 \u20ac pour les jeunes \u00e2g\u00e9s de 15 \u00e0 18 ans. Ces montants changeront pour la rentr\u00e9e 2026. \u00c0 partir de 15 ans, vous devez faire une d\u00e9claration de scolarit\u00e9.<\/p>\n<h2 id=\"Allocation_de_pr\u00e9sence_parentale\">Allocation de pr\u00e9sence parentale<\/h2>\n<p>Si vous avez un enfant de moins de 20 ans qui est victime d&rsquo;une maladie, d&rsquo;un accident ou d&rsquo;un handicap, vous pouvez cesser votre activit\u00e9 ou la r\u00e9duire. La CAF vous octroie alors une Allocation Journali\u00e8re de Pr\u00e9sence Parentale (AJPP). Sur une p\u00e9riode de 3 ans, vous pouvez obtenir 310 jours d\u2019indemnisation \u00e0 hauteur de 22 jours par mois. Le montant journalier est de 66,64 \u20ac maximum pour une personne seule et de 33,32 euros par demi-journ\u00e9e.<\/p>\n<h2 id=\"Allocation_Vacances_Familiales\">Allocation Vacances Familiales<\/h2>\n<p>L\u2019AVF (Aide aux Vacances Familiales), est une aide qui prend en charge une partie de votre s\u00e9jour. Chaque CAF d\u00e9termine ses propres conditions. Cela signifie qu\u2019il existe des in\u00e9galit\u00e9s d\u2019un d\u00e9partement \u00e0 l\u2019autre en fonction des politiques locales. La Caisse d\u2019Allocations Familiales de Gironde\u00a0propose par exemple un dispositif d\u2019aides aux vacances tr\u00e8s int\u00e9ressant pour ses allocataires.<\/p>\n<div class='cta-block'><div class='text'>Simulez toutes vos aides en 2 min.<\/div><a href='https:\/\/www.mes-allocs.fr\/ab-app?origin=guides\/wp-json\/wp\/v2\/pages\/10394' class='app-button fit'>Simulation gratuite<\/a><\/div>\n<h2 id=\"Allocation_d\u2019\u00c9ducation_de_l\u2019Enfant_Handicap\u00e9_(AEEH)\">Allocation d\u2019\u00c9ducation de l\u2019Enfant Handicap\u00e9 (AEEH)<\/h2>\n<p>L\u2019allocation AEEH est une aide vers\u00e9e aux familles dont un des enfants de moins de 20 ans fait face \u00e0 un handicap. Selon le niveau de handicap (niveau 1 \u00e0 6) il est possible de percevoir un compl\u00e9ment, ce dernier varie entre 151,80\u20ac et 1 947,51 \u20ac.<\/p>\n<h2 id=\"Allocation_Adulte_Handicap\u00e9\">Allocation Adulte Handicap\u00e9<\/h2>\n<p>L\u2019Allocation Adulte Handicap\u00e9 (AAH) est une aide vers\u00e9e aux personnes ayant plus de 20 ans porteurs d&rsquo;un handicap. Cette aide permet de prendre en charge une partie des frais, son montant \u00e0 taux plein est de <strong>1 033,32 \u20ac par mois<\/strong>.<\/p>\n<h2 id=\"Allocation_logement_APL\">Allocation logement APL<\/h2>\n<p>Les allocations au logement se comptent au nombre de 3, la plus connue \u00e9tant l&rsquo;APL. Elle est accord\u00e9e sous conditions de ressources, que vous soyez propri\u00e9taire, locataire vous pouvez en faire la demande. Son montant varie selon plusieurs param\u00e8tres (nombre de personnes \u00e0 charge, localisation du logement \u2026).<\/p>\n<h2 id=\"Allocation_Logement_Familiale\">Allocation Logement Familiale<\/h2>\n<p>L&rsquo;ALF est une des aides au logement de la CAF, si vous n&rsquo;\u00e9tiez pas \u00e9ligible \u00e0 l&rsquo;APL, la CAF \u00e9tudie vos droits pour l&rsquo;ALF. Vous pouvez y pr\u00e9tendre dans le cadre d&rsquo;un remboursement de pr\u00eat ou d&rsquo;une location. Son montant varie \u00e9galement selon les ressources du foyer, le nombre de personnes \u00e0 charge, le loyer (ou le montant mensuel du remboursement) ou la zone g\u00e9ographique.<\/p>\n<h2 id=\"Allocation_Logement_Sociale\">Allocation Logement Sociale<\/h2>\n<p>L&rsquo;ALS est la troisi\u00e8me aide au logement vers\u00e9e par la CAF. Elle vous est accord\u00e9e si vous n&rsquo;\u00e9tiez \u00e9ligible ni \u00e0 l&rsquo;APL, ni \u00e0 l&rsquo;ALS. Comme pour ces deux aides vous devez r\u00e9pondre aux crit\u00e8res d\u2019\u00e9ligibilit\u00e9.<\/p>\n<h2 id=\"Aide_au_d\u00e9m\u00e9nagement_CAF\">Aide au d\u00e9m\u00e9nagement<\/h2>\n<p>Si vous avez la charge de 3 enfants et que vous souhaitez d\u00e9m\u00e9nager, vous pouvez faire valoir vos droits \u00e0 cette aide, permettant ainsi la prise en charge d&rsquo;une partie des frais.<\/p>\n<h2 id=\"Pr\u00eat_Am\u00e9lioration_Habitat_CAF\">Pr\u00eat Am\u00e9lioration Habitat<\/h2>\n<p>En tant que locataire ou propri\u00e9taire, si vous souhaitez am\u00e9liorer votre r\u00e9sidence vous pouvez faire appel au Pah (Pr\u00eat pour l\u2019Am\u00e9lioration de l\u2019Habitat) de la CAF. Cette aide prend en charge 80 % des travaux dans une certaine limite. Il s&rsquo;agit d&rsquo;un pr\u00eat \u00e0 1 % remboursable sous 3 ans.<\/p>\n<h2 id=\"Aide_financi\u00e8re_au_Bafa_CAF\">Aide financi\u00e8re au Bafa<\/h2>\n<p>Cette aide est attribu\u00e9e aux jeunes \u00e0 partir de leurs 17 ans et prend en charge une partie des frais li\u00e9s \u00e0 la formation. Vous n&rsquo;avez pas besoin de justifier de ressources pour y pr\u00e9tendre.<\/p>\n<h1>Faire une demande de prestation<\/h1>\n<p>Que vous soyez allocataire ou non, pour faire une demande de prestation vous devez vous rendre sur le site internet de la CAF.<\/p>\n<p>Rendez-vous dans la rubrique \u00ab\u00a0mes services en ligne\u00a0\u00bb puis \u00ab\u00a0Faire une demande de prestation\u00a0\u00bb. Par la suite s\u00e9lectionnez la th\u00e9matique qui vous concerne et suivez les indications. Toutes les demandes de prestations sont enti\u00e8rement d\u00e9mat\u00e9rialis\u00e9e.<\/p>\n<p>Mes Allocs vous permet d&rsquo;estimer vos droits \u00e0 toutes les aides en vigueur de la CAF. Obtenez un r\u00e9sultat de vos droits en deux minutes gr\u00e2ce \u00e0 ce simulateur unique.<\/p>\n<div class='cta-block'><div class='text'>Simulez toutes vos aides en 2 min.<\/div><a href='https:\/\/www.mes-allocs.fr\/ab-app?origin=guides\/wp-json\/wp\/v2\/pages\/10394' class='app-button fit'>Simulation gratuite<\/a><\/div>\n","protected":false},"excerpt":{"rendered":"<p>[Mis \u00e0 jour le 18\/02\/2026] La Caisse d&rsquo;allocations familiales est pr\u00e9sente dans tous les d\u00e9partements, ainsi elle verse des prestations familiales, mais \u00e9galement des prestations logement. Elle est \u00e9galement en charge de verser des aides destin\u00e9es \u00e0 lutter contre la pauvret\u00e9, comme la prime d&rsquo;activit\u00e9 ou le RSA. Mes Allocs vous explique quelle est la [&hellip;]<\/p>\n","protected":false},"author":29,"featured_media":10397,"parent":0,"menu_order":0,"comment_status":"open","ping_status":"closed","template":"","meta":{"amp_status":"","footnotes":""},"class_list":["post-10394","page","type-page","status-publish","has-post-thumbnail","hentry"],"yoast_head":"<!-- This site is optimized with the Yoast SEO plugin v14.9 - https:\/\/yoast.com\/wordpress\/plugins\/seo\/ -->\n<title>Tout savoir sur la Caisse d\u2019allocations familiales | Mes-Allocs.fr<\/title>\n<meta name=\"description\" content=\"La CAF rencense 22 aides auxquelles vous \u00eates peut-\u00eatre \u00e9ligible. Estimez vos droits gratuitement avec Mes Allocs !\" \/>\n<meta name=\"robots\" content=\"index, follow, max-snippet:-1, max-image-preview:large, max-video-preview:-1\" \/>\n<link rel=\"canonical\" href=\"https:\/\/www.mes-allocs.fr\/guides\/caisse-allocations-familiales\/\" \/>\n<meta property=\"og:locale\" content=\"fr_FR\" \/>\n<meta property=\"og:type\" content=\"article\" \/>\n<meta property=\"og:title\" content=\"Tout savoir sur la Caisse d\u2019allocations familiales | Mes-Allocs.fr\" \/>\n<meta property=\"og:description\" content=\"La CAF rencense 22 aides auxquelles vous \u00eates peut-\u00eatre \u00e9ligible. Estimez vos droits gratuitement avec Mes Allocs !\" \/>\n<meta property=\"og:url\" content=\"https:\/\/www.mes-allocs.fr\/guides\/caisse-allocations-familiales\/\" \/>\n<meta property=\"og:site_name\" content=\"Mes-Allocs.fr\" \/>\n<meta property=\"article:modified_time\" content=\"2026-02-18T15:08:09+00:00\" \/>\n<meta property=\"og:image\" content=\"https:\/\/www.mes-allocs.fr\/guides\/wp-content\/uploads\/2020\/07\/woman-3083379_1280.jpg?wsr\" \/>\n\t<meta property=\"og:image:width\" content=\"1280\" \/>\n\t<meta property=\"og:image:height\" content=\"853\" \/>\n<meta name=\"twitter:card\" content=\"summary_large_image\" \/>\n<script type=\"application\/ld+json\" class=\"yoast-schema-graph\">{\"@context\":\"https:\/\/schema.org\",\"@graph\":[{\"@type\":\"WebSite\",\"@id\":\"https:\/\/www.mes-allocs.fr\/guides\/#website\",\"url\":\"https:\/\/www.mes-allocs.fr\/guides\/\",\"name\":\"Mes-Allocs.fr\",\"description\":\"\",\"potentialAction\":[{\"@type\":\"SearchAction\",\"target\":\"https:\/\/www.mes-allocs.fr\/guides\/?s={search_term_string}\",\"query-input\":\"required name=search_term_string\"}],\"inLanguage\":\"fr-FR\"},{\"@type\":\"ImageObject\",\"@id\":\"https:\/\/www.mes-allocs.fr\/guides\/caisse-allocations-familiales\/#primaryimage\",\"inLanguage\":\"fr-FR\",\"url\":\"https:\/\/www.mes-allocs.fr\/guides\/wp-content\/uploads\/2020\/07\/woman-3083379_1280.jpg?wsr\",\"width\":1280,\"height\":853,\"caption\":\"woman 3083379 1280 e1595326023343\"},{\"@type\":\"WebPage\",\"@id\":\"https:\/\/www.mes-allocs.fr\/guides\/caisse-allocations-familiales\/#webpage\",\"url\":\"https:\/\/www.mes-allocs.fr\/guides\/caisse-allocations-familiales\/\",\"name\":\"Tout savoir sur la Caisse d\\u2019allocations familiales | Mes-Allocs.fr\",\"isPartOf\":{\"@id\":\"https:\/\/www.mes-allocs.fr\/guides\/#website\"},\"primaryImageOfPage\":{\"@id\":\"https:\/\/www.mes-allocs.fr\/guides\/caisse-allocations-familiales\/#primaryimage\"},\"datePublished\":\"2020-07-30T14:51:50+00:00\",\"dateModified\":\"2026-02-18T15:08:09+00:00\",\"description\":\"La CAF rencense 22 aides auxquelles vous \\u00eates peut-\\u00eatre \\u00e9ligible. Estimez vos droits gratuitement avec Mes Allocs !\",\"inLanguage\":\"fr-FR\"}]}<\/script>\n<!-- \/ Yoast SEO plugin. -->","amp_validity":null,"acf":{"faq":{"1":{"question":"Combien d'aides sont attribu\u00e9es par la CAF ? ","answer":"Actuellement la Caisse d'allocations familiales recense 22 aides auxquelles vous pouvez faire valoir vos droits sous conditions d\u2019\u00e9ligibilit\u00e9. \r\n"},"2":{"question":"Quand sont vers\u00e9es les prestations familiales ?","answer":"Comme pour la plupart des 22 aides vers\u00e9es par la CAF, les prestations familiales sont vers\u00e9es le 5 de chaque mois. "},"3":{"question":"Quelles sont les prestations familiales ?","answer":"Les prestations familiales sont des prestations sociales qui apportent un soutien financier aux familles qui sont \u00e9ligibles."},"4":{"question":"Comment fonctionne l'aide sociale ?","answer":"L'ASH est attribu\u00e9e par d\u00e9partement. Les d\u00e9partements sont ind\u00e9pendants, ils leurs revient de d\u00e9cider le jour de versement des aides sociales. \r\nL'ASH est une aide qui prend en charge une partie des frais d'h\u00e9bergement pour une personne \u00e2g\u00e9e. "},"5":{"question":"","answer":""},"6":{"question":"","answer":""},"7":{"question":"","answer":""},"8":{"question":"","answer":""},"9":{"question":"","answer":""},"10":{"question":"","answer":""},"11":{"question":"","answer":""},"12":{"question":"","answer":""},"13":{"question":"","answer":""},"14":{"question":"","answer":""},"15":{"question":"","answer":""},"16":{"question":"","answer":""}}},"_links":{"self":[{"href":"https:\/\/www.mes-allocs.fr\/guides\/wp-json\/wp\/v2\/pages\/10394","targetHints":{"allow":["GET"]}}],"collection":[{"href":"https:\/\/www.mes-allocs.fr\/guides\/wp-json\/wp\/v2\/pages"}],"about":[{"href":"https:\/\/www.mes-allocs.fr\/guides\/wp-json\/wp\/v2\/types\/page"}],"author":[{"embeddable":true,"href":"https:\/\/www.mes-allocs.fr\/guides\/wp-json\/wp\/v2\/users\/29"}],"replies":[{"embeddable":true,"href":"https:\/\/www.mes-allocs.fr\/guides\/wp-json\/wp\/v2\/comments?post=10394"}],"version-history":[{"count":22,"href":"https:\/\/www.mes-allocs.fr\/guides\/wp-json\/wp\/v2\/pages\/10394\/revisions"}],"predecessor-version":[{"id":109175,"href":"https:\/\/www.mes-allocs.fr\/guides\/wp-json\/wp\/v2\/pages\/10394\/revisions\/109175"}],"wp:featuredmedia":[{"embeddable":true,"href":"https:\/\/www.mes-allocs.fr\/guides\/wp-json\/wp\/v2\/media\/10397"}],"wp:attachment":[{"href":"https:\/\/www.mes-allocs.fr\/guides\/wp-json\/wp\/v2\/media?parent=10394"}],"curies":[{"name":"wp","href":"https:\/\/api.w.org\/{rel}","templated":true}]}}