{"id":102997,"date":"2025-07-24T15:55:23","date_gmt":"2025-07-24T13:55:23","guid":{"rendered":"https:\/\/www.mes-allocs.fr\/guides\/?p=102997"},"modified":"2026-02-13T18:16:58","modified_gmt":"2026-02-13T17:16:58","slug":"attestation","status":"publish","type":"page","link":"https:\/\/www.mes-allocs.fr\/guides\/attestation\/","title":{"rendered":"Quels sont les types d\u2019attestations en 2026 ?"},"content":{"rendered":"<p><img loading=\"lazy\" decoding=\"async\" class=\"alignnone wp-image-102999\" title=\"attestations\" src=\"https:\/\/www.mes-allocs.fr\/guides\/wp-content\/uploads\/2025\/07\/attestations-e1753365001443-300x49.jpg\" alt=\"attestations\" width=\"1487\" height=\"243\" srcset=\"https:\/\/www.mes-allocs.fr\/guides\/wp-content\/uploads\/2025\/07\/attestations-e1753365001443-300x49.jpg 300w, https:\/\/www.mes-allocs.fr\/guides\/wp-content\/uploads\/2025\/07\/attestations-e1753365001443-1024x166.jpg 1024w, https:\/\/www.mes-allocs.fr\/guides\/wp-content\/uploads\/2025\/07\/attestations-e1753365001443-600x97.jpg 600w\" sizes=\"auto, (max-width: 1487px) 100vw, 1487px\" \/><\/p>\n<p>[Mis \u00e0 jour le 13\/02\/2026] Si vous demandez une aide ou une prestation, il vous sera presque toujours demand\u00e9 de fournir des documents ou justificatifs. Ces documents permettent de justifier votre situation aupr\u00e8s des organismes comme la CAF, France Travail, l\u2019Assurance Maladie ou encore les imp\u00f4ts. En 2026, il existe plusieurs types de documents selon l&rsquo;aide que vous sollicitez. Et en fonction de vos d\u00e9marches administratives, des <strong>attestations<\/strong> sp\u00e9cifiques peuvent vous \u00eatre demand\u00e9es. Dans cet article, d\u00e9couvrez les principales attestations \u00e0 conna\u00eetre, comment les obtenir et dans quelles d\u00e9marches elles sont n\u00e9cessaires.<\/p>\n<p class=\"p1\"><div class='cta-block'><div class='text'>Simulez toutes vos Aides en 2 min.<\/div><a href='https:\/\/www.mes-allocs.fr\/ab-app?origin=guides\/wp-json\/wp\/v2\/pages\/102997' class='app-button fit'>Simulation gratuite<\/a><\/div><\/p>\n<h1>Qu\u2019est-ce qu\u2019une attestation et pourquoi est-elle importante pour obtenir des aides ?<\/h1>\n<p>Une attestation est un <b>document officiel qui certifie une situation ou un \u00e9tat<\/b>, notamment votre situation financi\u00e8re ou vos droits \u00e0 certaines aides. Elle est importante pour obtenir des aides car elle sert de preuve formelle pour d\u00e9montrer votre \u00e9ligibilit\u00e9.<\/p>\n<h1>Quelles sont les attestations \u00e9mises par la CAF ?<\/h1>\n<h2>L&rsquo;attestation de paiement CAF<\/h2>\n<p>Cette attestation prouve que vous avez des aides de la CAF comme :<\/p>\n<ul>\n<li aria-level=\"1\">Le <b>RSA<\/b><\/li>\n<li aria-level=\"1\">La <b>prime d\u2019activit\u00e9\u00a0<\/b><\/li>\n<li aria-level=\"1\">Les <b>allocations familiales<\/b><\/li>\n<\/ul>\n<p>Pour l\u2019obtenir vous devez :<\/p>\n<ul>\n<li aria-level=\"1\">Vous connecter \u00e0<b> Mon Compte CAF<\/b> sur le site de la CAF avec votre num\u00e9ro allocataire et votre mot de passe.<\/li>\n<li aria-level=\"1\">Dans votre espace personnel, cliquez sur <b>\u201cMes attestations\u201d<\/b> puis <b>\u201cattestation de paiement\u201d<\/b>.<\/li>\n<li aria-level=\"1\">S\u00e9lectionner la <b>p\u00e9riode souhait\u00e9e<\/b> et t\u00e9l\u00e9charger l\u2019attestation au format PDF.<\/li>\n<\/ul>\n<h2>L\u2019attestation de quotient familial<\/h2>\n<p>Elle sert \u00e0<b> justifier votre quotient familial<\/b>, souvent utilis\u00e9 pour le<b> calcul des tarifs sociaux<\/b>, comme la cantine ou la cr\u00e8che. Cette attestation est \u00e9galement <b>disponible sur votre espace CAF<\/b> en ligne. Vous pouvez la<b> t\u00e9l\u00e9charger directement dans la rubrique \u201cMes attestations\u201d<\/b>. Cette attestation refl\u00e8te votre situation familiale et les ressources d\u00e9clar\u00e9es aux services sociaux.<\/p>\n<h2>L\u2019attestation de droits CAF<\/h2>\n<p>Ce document prouve que <b>vous avez des droits ouverts \u00e0 certaines prestations sociales<\/b> ou certaines aides. L\u00e0 encore, vous pouvez l\u2019obtenir<b> \u00e0 partir de votre espace personnel CAF<\/b>, dans la section \u201cMes attestations\u201d. Cette attestation mentionne les aides auxquelles vous \u00eates \u00e9ligible pour une p\u00e9riode donn\u00e9e.<\/p>\n<h1>Quelles sont les attestations li\u00e9es \u00e0 France Travail ?<\/h1>\n<h2>L\u2019attestation de situation vis-\u00e0-vis de l\u2019emploi<\/h2>\n<p>Il s\u2019agit d\u2019un document qui indique la situation actuelle du <b>demandeur d\u2019emploi <\/b>vis-\u00e0-vis de France Travail, par exemple si vous \u00eates inscrit, indemnis\u00e9 ou en recherche d\u2019emploi. Cette attestation peut \u00eatre obtenue \u00e0 partir de <b>votre espace personnel de France Travail<\/b>, sous l\u2019onglet \u201cmes \u00e9changes et documents\u201d, puis \u201cMes attestations\u201d.<\/p>\n<h2>L&rsquo;attestation de fin d\u2019indemnisation<\/h2>\n<p>Ce document atteste que la<b> p\u00e9riode d&rsquo;indemnisation ch\u00f4mage est termin\u00e9e <\/b>pour vous. Elle est aussi accessible et t\u00e9l\u00e9chargeable depuis votre espace personnel France Travail dans la rubrique des attestations.<\/p>\n<h2>L&rsquo;attestation employeur<\/h2>\n<p>Ce document doit vous \u00eatre <b>fourni par votre employeur \u00e0 la fin de votre contrat de travail<\/b>, dans les cas de ruptures. Cette attestation permet \u00e0 France Travail de d\u00e9terminer le montant et la dur\u00e9e de vos allocations ch\u00f4mage. L\u2019employeur doit la transmettre directement \u00e0 l\u2019organisme et il doit vous remettre un exemplaire. Si vous perdez cette attestation, vous pouvez demander une copie \u00e0 France Travail.<\/p>\n<h1>Quelles attestations de sant\u00e9 peuvent \u00eatre demand\u00e9es ?<\/h1>\n<h2>L\u2019attestation de droits \u00e0 l\u2019Assurance Maladie<\/h2>\n<p>L\u2019attestation de droits \u00e0 l\u2019Assurance Maladie <b>prouve votre affiliation au r\u00e9gime g\u00e9n\u00e9ral<\/b> de la s\u00e9curit\u00e9 sociale et d\u00e9taille vos droits en mati\u00e8re de protection sociale. Elle contient des informations vous concernant, notamment votre identit\u00e9, votre num\u00e9ro de s\u00e9curit\u00e9 sociale, etc\u2026Vous pouvez l\u2019obtenir <b>en ligne sur votre compte Ameli<\/b>, dans la rubrique \u201cMes d\u00e9marches\u201d.<\/p>\n<p>Elle sert de justificatif dans plusieurs situations, comme :<\/p>\n<ul>\n<li aria-level=\"1\">Une hospitalisation<\/li>\n<li aria-level=\"1\">Une consultation m\u00e9dicale<\/li>\n<li aria-level=\"1\">Une inscription \u00e0 une activit\u00e9<\/li>\n<li aria-level=\"1\">Une souscription \u00e0 une compl\u00e9mentaire sant\u00e9<\/li>\n<li aria-level=\"1\">La perte de votre carte Vitale<\/li>\n<li aria-level=\"1\">D\u2019autres d\u00e9marches administratives.<\/li>\n<\/ul>\n<div class='shortcode disclaimer'><div class='title'>Attention<\/div><div class='content'><b>Elle se diff\u00e9rencie de la carte Vitale,<\/b> qui sert principalement \u00e0 la transmission \u00e9lectronique des feuilles de soins.<\/div><\/div>\n<h2>L\u2019attestation de compl\u00e9mentaire sant\u00e9 solidaire (CSS)<\/h2>\n<p>Cette attestation est un document qui <b>atteste que vous b\u00e9n\u00e9ficiez de la compl\u00e9mentaire sant\u00e9 solidaire<\/b> et elle est souvent demand\u00e9e lors des consultations m\u00e9dicales pour b\u00e9n\u00e9ficier d\u2019une exon\u00e9ration ou du tiers payant int\u00e9gral. Elle peut \u00eatre <b>obtenue par le biais de votre compte Ameli<\/b> ou lors de la constitution de votre dossier CSS aupr\u00e8s de la CPAM.<\/p>\n<p class=\"p1\"><div class='cta-block'><div class='text'>Simulez toutes vos Aides en 2 min.<\/div><a href='https:\/\/www.mes-allocs.fr\/ab-app?origin=guides\/wp-json\/wp\/v2\/pages\/102997' class='app-button fit'>Simulation gratuite<\/a><\/div><\/p>\n<h1>Quelles attestations sont utiles pour les aides au logement ?<\/h1>\n<h2>L&rsquo;attestation de loyer ou la quittance<\/h2>\n<p>L\u2019<a href=\"https:\/\/www.mes-allocs.fr\/guides\/attestation\/attestation-de-loyer\/\">attestation de loyer<\/a> est souvent demand\u00e9e pour <b>justifier le montant du loyer<\/b> que vous payez. Il est g\u00e9n\u00e9ralement d\u00e9livr\u00e9 par le propri\u00e9taire, le bailleur ou le gestionnaire du logement. Il atteste que vous \u00eates bien locataire du logement et pr\u00e9cise le montant du loyer, sa r\u00e9gularit\u00e9, ainsi que les \u00e9ventuelles charges comprises. De plus, elle doit \u00eatre <b>compl\u00e9t\u00e9e, dat\u00e9e et sign\u00e9e par le bailleur<\/b>. Cette attestation est demand\u00e9e lors des demandes d\u2019aides au logement comme les aides aux logements.<\/p>\n<h2>Les attestations d\u2019Action Logement<\/h2>\n<p>Action Logement propose diff\u00e9rentes aides au logement, comme la garantie Visale. Les attestations d\u00e9livr\u00e9es par cet organisme <b>justifient souvent l\u2019octroi de ces aides ou de ces garanties<\/b>. Pour obtenir ces attention, il est n\u00e9cessaire de <b>faire un dossier en ligne<\/b>. Ces documents permettent aux bailleurs lorsque vous voulez avoir acc\u00e8s \u00e0 un logement, notamment en justifiant la prise en charge par Action Logement.<\/p>\n<h2>L\u2019attestation d\u2019h\u00e9bergement<\/h2>\n<p>L\u2019<a href=\"https:\/\/www.mes-allocs.fr\/guides\/attestation\/attestation-d-hebergement\/\">attestation d&rsquo;h\u00e9bergemen<\/a>t qui certifie que<b> quelqu\u2019un vous h\u00e9berge \u00e0 titre gratuit <\/b>\u00e0 son domicile. Ce document vous permet donc de <b>justifier votre adresse<\/b>. Pour qu\u2019elle soit valide, l\u2019attestation doit comporter vos informations et celles de l\u2019h\u00e9bergeant.<\/p>\n<h1>Quelles attestations peuvent \u00eatre demand\u00e9es pour les aides fiscales ou administratives ?<\/h1>\n<h2>L\u2019avis de situation d\u00e9clarative \u00e0 l\u2019imp\u00f4t sur le revenu<\/h2>\n<p>L\u2019avis de situation d\u00e9clarative \u00e0 l\u2019imp\u00f4t sur le revenu est <b>d\u00e9livr\u00e9 par l\u2019administration fiscale <\/b>qui atteste que <b>vous avez bien d\u00e9clar\u00e9 vos revenus \u00e0 l&rsquo;administration<\/b>. Il fournit une preuve que vous \u00eates en r\u00e8gle avec votre d\u00e9claration fiscale, m\u00eame si vous ne recevez pas d\u2019avis d\u2019imposition. Cette attestation peut \u00eatre obtenue en ligne sur le site des imp\u00f4ts, dans votre espace personnel, dans la rubrique \u201cMes documents\u201d ou \u201cMes attestations fiscales\u201d.<\/p>\n<h2>L\u2019attestation de non-imposition ou d\u2019imposition<\/h2>\n<p>Ce document prouve que <b>vous \u00eates exon\u00e9r\u00e9 d\u2019imp\u00f4t sur le revenu ou que vous \u00eates imposable<\/b>, selon votre situation fiscale. Vous pouvez la demander et la t\u00e9l\u00e9charger directement depuis<b> votre espace Finances publiques sur le site des imp\u00f4ts<\/b>, souvent accessible sous la rubrique \u201cAttestations fiscales\u201d.<\/p>\n<h1>Quelles sont les attestations et documents qui peuvent vous \u00eatre demand\u00e9s lors de vos d\u00e9marches ?<\/h1>\n<h2>L&rsquo;acte de naissance<\/h2>\n<p>Un <a href=\"https:\/\/www.mes-allocs.fr\/guides\/attestation\/acte-de-naissance\/\">acte de naissance<\/a> est un document qui <strong>prouve la naissance d&rsquo;une personne<\/strong>. Il contient le nom, le pr\u00e9nom, la date, l&rsquo;heure et le lieu de naissance, ainsi que l&rsquo;identit\u00e9 des parents et d&rsquo;autres d\u00e9tails importants sur l&rsquo;\u00e9tat civil de la personne. Vous pouvez avoir besoin d&rsquo;un acte de naissance pour diff\u00e9rentes d\u00e9marches administratives comme, pour <strong>vous marier ou encore inscrire votre enfant \u00e0 l&rsquo;\u00e9cole<\/strong>. Pour obtenir un acte de naissance, vous devez faire une<strong> d\u00e9claration de naissance \u00e0 la mairie<\/strong>. Ensuite, la mairie \u00e9tablit et inscrit l&rsquo;acte de naissance dans le registre d&rsquo;\u00e9tat civil. Par la suite, vous pouvez <strong>demander une copie<\/strong> de cet acte de naissance aupr\u00e8s de la mairie du lieu de naissance, soit en ligne, soit par courrier ou sur place.<\/p>\n<h2>L&rsquo;attestation carte Vitale<\/h2>\n<p>L&rsquo;<a href=\"https:\/\/www.mes-allocs.fr\/guides\/attestation\/comment-obtenir-une-attestation-carte-vitale\/\">attestation carte Vitale<\/a> est un document <strong>d\u00e9livr\u00e9 par la S\u00e9curit\u00e9 sociale<\/strong>. Il prouve que vous \u00eates bien affili\u00e9e \u00e0 l&rsquo;Assurance maladie. Ce document est aussi appel\u00e9 l&rsquo;attestation de droits ou l&rsquo;attestation d&rsquo;affiliation \u00e0 la S\u00e9curit\u00e9 sociale. Ainsi, elle certifie donc que vous avez <strong>droit aux remboursements des soins m\u00e9dicaux pris en charge par la S\u00e9curit\u00e9 sociale.<\/strong> Pour obtenir cette attestation, vous devez vous connecter \u00e0 votre compte personnel sur le site Ameli pour la t\u00e9l\u00e9charger et l&rsquo;imprimer. Elle remplace la carte Vitale uniquement pour justifier vos droits, mais pour les remboursements, vous devez toujours avoir la carte Vitale elle-m\u00eame.<\/p>\n<h2>Le certificat de scolarit\u00e9<\/h2>\n<p>Le <a href=\"https:\/\/www.mes-allocs.fr\/guides\/attestation\/certificat-de-scolarite\/\">certificat de scolarit\u00e9<\/a> <strong>prouve qu&rsquo;un \u00e9l\u00e8ve ou un \u00e9tudiant est bien inscrit dans un \u00e9tablissement scolaire<\/strong> et suit les cours r\u00e9guli\u00e8rement. Ce document est valable pour une seule ann\u00e9e scolaire, g\u00e9n\u00e9ralement de septembre \u00e0 juin, et il sert de preuve administrative. Vous pouvez avoir besoin de ce certificat<strong> pour justifier le fait d&rsquo;\u00eatre scolaris\u00e9 lors de demandes d&rsquo;aides<\/strong>, comme pour les bourses ou les aides de la CAF. Pour l&rsquo;obtenir, vous devez faire une demande <strong>aupr\u00e8s de l&rsquo;\u00e9tablissement scolaire en question<\/strong>. Cela peut se faire par \u00e9crit, par mail ou directement au secr\u00e9tariat de l&rsquo;\u00e9cole.<\/p>\n<h2>Le justificatif de domicile<\/h2>\n<p>Le <a href=\"https:\/\/www.mes-allocs.fr\/guides\/attestation\/justificatif-de-domicile\/\">justificatif de domicile<\/a> est un document qui <strong>prouve l&rsquo;adresse \u00e0 laquelle vous habitez<\/strong>. Il est souvent demand\u00e9 par les administrations, les banques ou d&rsquo;autres organismes lors de d\u00e9marches administratives pour v\u00e9rifier que vous r\u00e9sidez bien \u00e0 l&rsquo;adresse indiqu\u00e9e. Ce document doit contenir votre nom, votre pr\u00e9nom et l&rsquo;adresse compl\u00e8te et \u00eatre r\u00e9cent pour \u00eatre valable. Pour obtenir un justificatif de domicile, <strong>plusieurs documents sont valides<\/strong>, comme une facture d&rsquo;\u00e9lectricit\u00e9 ou une quittance de loyer. Si vous \u00eates h\u00e9berg\u00e9 chez quelqu&rsquo;un d&rsquo;autre, elle peut fournir une attestation sur l&rsquo;honneur.<\/p>\n<h1>Qu&rsquo;est-ce qu&rsquo;une attestation sur l&rsquo;honneur ?<\/h1>\n<p>Une <a href=\"https:\/\/www.mes-allocs.fr\/guides\/attestation\/comment-rediger-attestation-sur-lhonneur\/\">attestation sur l&rsquo;honneur<\/a> est un document \u00e9crit par lequel <strong>vous d\u00e9clarez sur l&rsquo;honneur qu&rsquo;une information est vraie<\/strong>. Elle est souvent utilis\u00e9e dans des d\u00e9marches administratives lorsque vous ne pouvez pas fournir d&rsquo;autres justificatifs. M\u00eame si elle n&rsquo;a pas de valeur juridique, elle repose sur votre <strong>bonne foi<\/strong> et peut servir de preuve. Vous signez g\u00e9n\u00e9ralement ce document pour garantir son authenticit\u00e9 et attester de votre engagement.<\/p>\n<h1>Vous avez besoin de fournir ou obtenir une attestation ?<\/h1>\n<p><b>Nos experts peuvent vous accompagner <\/b>dans le montage de vos dossiers de demande d\u2019aides financi\u00e8res, sociales ou au logement. Nous facilitons <b>vos d\u00e9marches<\/b> et vous garantissons que vos demandes sont <b>correctement compl\u00e9t\u00e9es <\/b>et que vous ne passez pas \u00e0 c\u00f4t\u00e9 d\u2019aides auxquelles vous avez droit. Ainsi, vous <b>gagnerez du temps<\/b> et vous <b>limiterez les erreurs administratives<\/b>.<\/p>\n<div class='shortcode summary'><div class='title'>En r\u00e9sum\u00e9 :<\/div><div class='content'><ul><li>Les attestations vous permettent de<b> justifier votre situation<\/b> aupr\u00e8s des organismes qui attribuent les aides.<\/li><li>Chaque organisme d\u00e9livre <b>ses propres attestations<\/b>.<\/li><li>Bien conna\u00eetre les <b>documents n\u00e9cessaires et savoir o\u00f9 les obtenir<\/b> facilite vos d\u00e9marches et augmente vos chances de recevoir les aides auxquelles vous avez droit. <b>Nous pouvons vous aider \u00e0 constituer votre dossier<\/b>.<\/li><\/ul><\/div><\/div>\n<p class=\"p1\"><div class='cta-block'><div class='text'>Simulez toutes vos Aides en 2 min.<\/div><a href='https:\/\/www.mes-allocs.fr\/ab-app?origin=guides\/wp-json\/wp\/v2\/pages\/102997' class='app-button fit'>Simulation gratuite<\/a><\/div><\/p>\n","protected":false},"excerpt":{"rendered":"<p>[Mis \u00e0 jour le 13\/02\/2026] Si vous demandez une aide ou une prestation, il vous sera presque toujours demand\u00e9 de fournir des documents ou justificatifs. Ces documents permettent de justifier votre situation aupr\u00e8s des organismes comme la CAF, France Travail, l\u2019Assurance Maladie ou encore les imp\u00f4ts. En 2026, il existe plusieurs types de documents selon [&hellip;]<\/p>\n","protected":false},"author":29,"featured_media":102998,"parent":0,"menu_order":0,"comment_status":"closed","ping_status":"closed","template":"","meta":{"amp_status":"","footnotes":""},"class_list":["post-102997","page","type-page","status-publish","has-post-thumbnail","hentry"],"yoast_head":"<!-- This site is optimized with the Yoast SEO plugin v14.9 - https:\/\/yoast.com\/wordpress\/plugins\/seo\/ -->\n<title>Quels sont les types d\u2019attestations en 2026 ? | Mes-Allocs.fr<\/title>\n<meta name=\"description\" content=\"CAF, France Travail, Assurance Maladie... En 2026, de nombreuses aides n\u00e9cessitent une attestation. D\u00e9couvrez les principaux documents.\" \/>\n<meta name=\"robots\" content=\"index, follow, max-snippet:-1, max-image-preview:large, max-video-preview:-1\" \/>\n<link rel=\"canonical\" href=\"https:\/\/www.mes-allocs.fr\/guides\/attestation\/\" \/>\n<meta property=\"og:locale\" content=\"fr_FR\" \/>\n<meta property=\"og:type\" content=\"article\" \/>\n<meta property=\"og:title\" content=\"Quels sont les types d\u2019attestations en 2026 ? | Mes-Allocs.fr\" \/>\n<meta property=\"og:description\" content=\"CAF, France Travail, Assurance Maladie... En 2026, de nombreuses aides n\u00e9cessitent une attestation. D\u00e9couvrez les principaux documents.\" \/>\n<meta property=\"og:url\" content=\"https:\/\/www.mes-allocs.fr\/guides\/attestation\/\" \/>\n<meta property=\"og:site_name\" content=\"Mes-Allocs.fr\" \/>\n<meta property=\"article:modified_time\" content=\"2026-02-13T17:16:58+00:00\" \/>\n<meta property=\"og:image\" content=\"https:\/\/www.mes-allocs.fr\/guides\/wp-content\/uploads\/2025\/07\/attestation.jpg?wsr\" \/>\n\t<meta property=\"og:image:width\" content=\"1500\" \/>\n\t<meta property=\"og:image:height\" content=\"1000\" \/>\n<meta name=\"twitter:card\" content=\"summary_large_image\" \/>\n<script type=\"application\/ld+json\" class=\"yoast-schema-graph\">{\"@context\":\"https:\/\/schema.org\",\"@graph\":[{\"@type\":\"WebSite\",\"@id\":\"https:\/\/www.mes-allocs.fr\/guides\/#website\",\"url\":\"https:\/\/www.mes-allocs.fr\/guides\/\",\"name\":\"Mes-Allocs.fr\",\"description\":\"\",\"potentialAction\":[{\"@type\":\"SearchAction\",\"target\":\"https:\/\/www.mes-allocs.fr\/guides\/?s={search_term_string}\",\"query-input\":\"required name=search_term_string\"}],\"inLanguage\":\"fr-FR\"},{\"@type\":\"ImageObject\",\"@id\":\"https:\/\/www.mes-allocs.fr\/guides\/attestation\/#primaryimage\",\"inLanguage\":\"fr-FR\",\"url\":\"https:\/\/www.mes-allocs.fr\/guides\/wp-content\/uploads\/2025\/07\/attestation.jpg?wsr\",\"width\":1500,\"height\":1000,\"caption\":\"attestation\"},{\"@type\":\"WebPage\",\"@id\":\"https:\/\/www.mes-allocs.fr\/guides\/attestation\/#webpage\",\"url\":\"https:\/\/www.mes-allocs.fr\/guides\/attestation\/\",\"name\":\"Quels sont les types d\\u2019attestations en 2026 ? | Mes-Allocs.fr\",\"isPartOf\":{\"@id\":\"https:\/\/www.mes-allocs.fr\/guides\/#website\"},\"primaryImageOfPage\":{\"@id\":\"https:\/\/www.mes-allocs.fr\/guides\/attestation\/#primaryimage\"},\"datePublished\":\"2025-07-24T13:55:23+00:00\",\"dateModified\":\"2026-02-13T17:16:58+00:00\",\"description\":\"CAF, France Travail, Assurance Maladie... En 2026, de nombreuses aides n\\u00e9cessitent une attestation. D\\u00e9couvrez les principaux documents.\",\"inLanguage\":\"fr-FR\"}]}<\/script>\n<!-- \/ Yoast SEO plugin. -->","amp_validity":null,"acf":{"faq":{"1":{"question":"Comment puis-je obtenir un justificatif de versement des prestations sociales ?","answer":"Vous pouvez obtenir un justificatif de versement des prestations sociales en le t\u00e9l\u00e9chargeant depuis votre espace personnel sur le site de l\u2019organisme concern\u00e9, comme la CAF ou la CPAM."},"2":{"question":"Comment obtenir des attestations ?","answer":"Vous pouvez obtenir des attestations en les t\u00e9l\u00e9chargeant depuis votre espace personnel sur le site de l\u2019organisme concern\u00e9 (CAF, France Travail, ameli, imp\u00f4ts, etc."},"3":{"question":"Comment \u00e9crire une attestation sur l'honneur ?","answer":"Pour \u00e9crire une attestation sur l'honneur, r\u00e9digez un texte clair affirmant la v\u00e9rit\u00e9 de la d\u00e9claration, indiquez vos nom, pr\u00e9nom, date et lieu de naissance, pr\u00e9cisez la situation attest\u00e9e, ajoutez la date, signez et \u00e9crivez \u00ab\u202fJe d\u00e9clare sur l'honneur que\u2026\u202f\u00bb."},"4":{"question":"Quelle attestation Caf pour logement ?","answer":"L\u2019attestation CAF pour logement est principalement l\u2019attestation de loyer que le propri\u00e9taire doit remplir. "},"5":{"question":"Pourquoi la Caf me demande l'attestation de loyer ?","answer":"La CAF vous demande une attestation de loyer pour v\u00e9rifier que l\u2019aide au logement que vous sollicitez ou recevez est justifi\u00e9e par rapport au montant du loyer que vous payez r\u00e9ellement. "},"6":{"question":"Comment obtenir l'attestation France travail ?","answer":"Pour obtenir une attestation France Travail, vous devez vous connecter \u00e0 votre espace personnel sur le site de France Travail. Ensuite, dans l\u2019onglet \u00ab Mes \u00e9changes et documents \u00bb, vous cliquez sur la rubrique \u00ab Mes documents \u00bb puis sur le service \u00ab Mes attestations \u00bb. Vous y trouverez diff\u00e9rentes attestations \u00e0 t\u00e9l\u00e9charger."},"7":{"question":"","answer":""},"8":{"question":"","answer":""},"9":{"question":"","answer":""},"10":{"question":"","answer":""},"11":{"question":"","answer":""},"12":{"question":"","answer":""},"13":{"question":"","answer":""},"14":{"question":"","answer":""},"15":{"question":"","answer":""},"16":{"question":"","answer":""}}},"_links":{"self":[{"href":"https:\/\/www.mes-allocs.fr\/guides\/wp-json\/wp\/v2\/pages\/102997","targetHints":{"allow":["GET"]}}],"collection":[{"href":"https:\/\/www.mes-allocs.fr\/guides\/wp-json\/wp\/v2\/pages"}],"about":[{"href":"https:\/\/www.mes-allocs.fr\/guides\/wp-json\/wp\/v2\/types\/page"}],"author":[{"embeddable":true,"href":"https:\/\/www.mes-allocs.fr\/guides\/wp-json\/wp\/v2\/users\/29"}],"replies":[{"embeddable":true,"href":"https:\/\/www.mes-allocs.fr\/guides\/wp-json\/wp\/v2\/comments?post=102997"}],"version-history":[{"count":9,"href":"https:\/\/www.mes-allocs.fr\/guides\/wp-json\/wp\/v2\/pages\/102997\/revisions"}],"predecessor-version":[{"id":109086,"href":"https:\/\/www.mes-allocs.fr\/guides\/wp-json\/wp\/v2\/pages\/102997\/revisions\/109086"}],"wp:featuredmedia":[{"embeddable":true,"href":"https:\/\/www.mes-allocs.fr\/guides\/wp-json\/wp\/v2\/media\/102998"}],"wp:attachment":[{"href":"https:\/\/www.mes-allocs.fr\/guides\/wp-json\/wp\/v2\/media?parent=102997"}],"curies":[{"name":"wp","href":"https:\/\/api.w.org\/{rel}","templated":true}]}}